{"id":385,"date":"2025-08-24T18:32:35","date_gmt":"2025-08-24T18:32:35","guid":{"rendered":"https:\/\/bletsi.com\/?page_id=385"},"modified":"2025-08-29T10:04:09","modified_gmt":"2025-08-29T10:04:09","slug":"diseno-web","status":"publish","type":"page","link":"https:\/\/bletsi.com\/en\/diseno-web\/","title":{"rendered":"Web Design"},"content":{"rendered":"<div data-elementor-type=\"wp-page\" data-elementor-id=\"385\" class=\"elementor elementor-385\">\n\t\t\t\t<div class=\"aux-parallax-section elementor-element elementor-element-7996f83e elementor-hidden-mobile e-flex e-con-boxed e-con e-parent\" data-id=\"7996f83e\" data-element_type=\"container\">\n\t\t\t\t\t<div class=\"e-con-inner\">\n\t\t<div class=\"elementor-element elementor-element-a12c443 e-con-full e-flex e-con e-child\" data-id=\"a12c443\" data-element_type=\"container\">\n\t\t\t\t<div class=\"aux-scroll-anim elementor-element elementor-element-5c28b1e7 aux-appear-watch-animation aux-scale-up-1 aux-shpe-type-circle elementor-widget elementor-widget-aux_simple_shape\" data-move-in=\"\" data-move-out=\"moveHorizontal\" data-axis-x=\"15\" data-axis-y=\"200\" data-rotate=\"90\" data-scale=\"1\" data-vp-top=\"0.5\" data-vp-bot=\"0.5\" data-el-top=\"0.2\" data-scroll-animation-off=\"1024\" data-id=\"5c28b1e7\" data-element_type=\"widget\" data-widget_type=\"aux_simple_shape.default\">\n\t\t\t\t<div class=\"elementor-widget-container\">\n\t\t\t\t\t    <div class=\"aux-widget-container aux-simple-shape-container\">\n        <div class=\"aux-widget-container-inner\">\n            <div class=\"aux-the-shape\"><\/div>\n        <\/div>\n    <\/div>\n    \t\t\t\t<\/div>\n\t\t\t\t<\/div>\n\t\t\t\t<div class=\"aux-scroll-anim elementor-element elementor-element-7164d5a0 aux-appear-watch-animation aux-fade-in-left elementor-widget elementor-widget-aux_image\" data-move-in=\"\" data-move-out=\"moveHorizontal\" data-axis-x=\"-15\" data-axis-y=\"200\" data-rotate=\"90\" data-scale=\"1\" data-vp-top=\"0.5\" data-vp-bot=\"0.5\" data-el-top=\"0.2\" data-scroll-animation-off=\"1024\" data-id=\"7164d5a0\" data-element_type=\"widget\" data-widget_type=\"aux_image.default\">\n\t\t\t\t<div class=\"elementor-widget-container\">\n\t\t\t\t\t<section class=\"widget-container aux-widget-image aux-alignnone aux-parent-au46a9ee14\">\n    <div class=\"aux-media-hint-frame\">\n        <div class=\"aux-media-image\" >\n        \n            \n\n            \n            <img fetchpriority=\"high\" decoding=\"async\" width=\"840\" height=\"695\" src=\"https:\/\/bletsi.com\/wp-content\/uploads\/2025\/08\/ChatGPT-Image-24-ago-2025-20_41_46-Photoroom-e1756060995290.png\" class=\"aux-attachment aux-featured-image aux-attachment-id-394\" alt=\"ChatGPT Image 24 ago 2025, 20_41_46-Photoroom\" data-ratio=\"1.21\" data-original-w=\"840\" \/>            \n                <\/div>\n    <\/div>\n\n<\/section><!-- widget-container -->\t\t\t\t<\/div>\n\t\t\t\t<\/div>\n\t\t\t\t<\/div>\n\t\t<div class=\"elementor-element elementor-element-25d52c91 e-con-full e-flex e-con e-child\" data-id=\"25d52c91\" data-element_type=\"container\">\n\t\t\t\t<div class=\"aux-scroll-anim elementor-element elementor-element-56724a4f aux-appear-watch-animation aux-fade-in-custom elementor-widget elementor-widget-aux_image\" data-move-in=\"\" data-move-out=\"moveVertical\" data-axis-x=\"200\" data-axis-y=\"40\" data-rotate=\"90\" data-scale=\"1\" data-vp-top=\"0.5\" data-vp-bot=\"0.5\" data-el-top=\"0.2\" data-scroll-animation-off=\"1024\" data-id=\"56724a4f\" data-element_type=\"widget\" data-widget_type=\"aux_image.default\">\n\t\t\t\t<div class=\"elementor-widget-container\">\n\t\t\t\t\t<section class=\"widget-container aux-widget-image aux-alignnone aux-parent-auad4aa742\">\n    <div class=\"aux-media-hint-frame\">\n        <div class=\"aux-media-image\" >\n        \n            \n\n            \n            <img decoding=\"async\" width=\"709\" height=\"1060\" src=\"data:image\/gif;base64,R0lGODlhAQABAIAAAAAAAP\/\/\/yH5BAEAAAAALAAAAAABAAEAAAIBRAA7\" class=\"aux-attachment aux-featured-image aux-attachment-id-95 aux-preload aux-blank\" alt=\"demo-attachment-1311-Ellipse-6-1\" data-ratio=\"0.67\" data-original-w=\"709\" data-src=\"https:\/\/bletsi.com\/wp-content\/uploads\/2024\/02\/Ellipse-6-1.png\" \/>            \n                <\/div>\n    <\/div>\n\n<\/section><!-- widget-container -->\t\t\t\t<\/div>\n\t\t\t\t<\/div>\n\t\t\t\t<div class=\"aux-scroll-anim elementor-element elementor-element-615a14c7 aux-appear-watch-animation aux-fade-in-down-1 aux-shpe-type-circle elementor-widget elementor-widget-aux_simple_shape\" data-move-in=\"\" data-move-out=\"moveVertical\" data-axis-x=\"20\" data-axis-y=\"-30\" data-rotate=\"90\" data-scale=\"1\" data-vp-top=\"0.5\" data-vp-bot=\"0.5\" data-el-top=\"0.2\" data-scroll-animation-off=\"1024\" data-id=\"615a14c7\" data-element_type=\"widget\" data-widget_type=\"aux_simple_shape.default\">\n\t\t\t\t<div class=\"elementor-widget-container\">\n\t\t\t\t\t    <div class=\"aux-widget-container aux-simple-shape-container\">\n        <div class=\"aux-widget-container-inner\">\n            <div class=\"aux-the-shape\"><\/div>\n        <\/div>\n    <\/div>\n    \t\t\t\t<\/div>\n\t\t\t\t<\/div>\n\t\t\t\t<div class=\"elementor-element elementor-element-5ba63b37 aux-appear-watch-animation aux-fade-in-right elementor-widget elementor-widget-aux_modern_heading\" data-id=\"5ba63b37\" data-element_type=\"widget\" data-widget_type=\"aux_modern_heading.default\">\n\t\t\t\t<div class=\"elementor-widget-container\">\n\t\t\t\t\t<section class=\"aux-widget-modern-heading\">\n            <div class=\"aux-widget-inner\"><h4 class=\"aux-modern-heading-primary\">Web Design<\/h4><div class=\"aux-modern-heading-description\"><p>En Bletsi Studio dise\u00f1amos sitios web modernos y funcionales que transmiten la esencia de tu marca y generan confianza en tus clientes. Nuestro enfoque no es solo est\u00e9tico: cada proyecto se construye para ser claro, atractivo, f\u00e1cil de usar y orientado a resultados. Combinamos creatividad y tecnolog\u00eda para crear p\u00e1ginas que no solo se ven bien, sino que tambi\u00e9n funcionan como una herramienta real para tu negocio. Ya sea que necesites un sitio institucional, un blog profesional o una landing page para captar clientes, lo hacemos a medida.<\/p><\/div><\/div>\n        <\/section>\t\t\t\t<\/div>\n\t\t\t\t<\/div>\n\t\t\t\t<div class=\"elementor-element elementor-element-1fa81f00 aux-appear-watch-animation aux-fade-in-right elementor-widget elementor-widget-aux_icon_list\" data-id=\"1fa81f00\" data-element_type=\"widget\" data-widget_type=\"aux_icon_list.default\">\n\t\t\t\t<div class=\"elementor-widget-container\">\n\t\t\t\t\t<section class=\"widget-container aux-widget-icon-list aux-parent-auc95882aa\"><div class=\"widget-inner\"><div class=\"aux-widget-icon-list-inner\"><ul class=\"aux-icon-list-items aux-direction-horizontal\"><li class=\"aux-icon-list-item aux-list-item-has-icon aux-icon-list-item-500d72f elementor-repeater-item-500d72f\"><a class=\"aux-icon-list-link\" href=\"#\"><i aria-hidden=\"true\" class=\"aux-icon-list-icon auxicon auxicon-twitter\"><\/i><\/a><\/li><li class=\"aux-icon-list-item aux-list-item-has-icon aux-icon-list-item-4b21e3a elementor-repeater-item-4b21e3a\"><a class=\"aux-icon-list-link\" href=\"#\"><i aria-hidden=\"true\" class=\"aux-icon-list-icon fab fa-linkedin-in\"><\/i><\/a><\/li><li class=\"aux-icon-list-item aux-list-item-has-icon aux-icon-list-item-601a38f elementor-repeater-item-601a38f\"><a class=\"aux-icon-list-link\" href=\"#\"><i aria-hidden=\"true\" class=\"aux-icon-list-icon fab fa-behance\"><\/i><\/a><\/li><\/ul><\/div><\/div><\/section><!-- widget-container -->\t\t\t\t<\/div>\n\t\t\t\t<\/div>\n\t\t\t\t<\/div>\n\t\t\t\t\t<\/div>\n\t\t\t\t<\/div>\n\t\t<div class=\"aux-parallax-section elementor-element elementor-element-84a0f9b elementor-hidden-desktop elementor-hidden-tablet e-flex e-con-boxed e-con e-parent\" data-id=\"84a0f9b\" data-element_type=\"container\">\n\t\t\t\t\t<div class=\"e-con-inner\">\n\t\t<div class=\"elementor-element elementor-element-cae3f86 e-con-full e-flex e-con e-child\" data-id=\"cae3f86\" data-element_type=\"container\">\n\t\t\t\t<div class=\"aux-scroll-anim elementor-element elementor-element-daf98e7 aux-appear-watch-animation aux-fade-in-custom elementor-widget elementor-widget-aux_image\" data-move-in=\"\" data-move-out=\"moveVertical\" data-axis-x=\"200\" data-axis-y=\"40\" data-rotate=\"90\" data-scale=\"1\" data-vp-top=\"0.5\" data-vp-bot=\"0.5\" data-el-top=\"0.2\" data-scroll-animation-off=\"1024\" data-id=\"daf98e7\" data-element_type=\"widget\" data-widget_type=\"aux_image.default\">\n\t\t\t\t<div class=\"elementor-widget-container\">\n\t\t\t\t\t<section class=\"widget-container aux-widget-image aux-alignnone aux-parent-au53370b2b\">\n    <div class=\"aux-media-hint-frame\">\n        <div class=\"aux-media-image\" >\n        \n            \n\n            \n            <img decoding=\"async\" width=\"709\" height=\"1060\" src=\"data:image\/gif;base64,R0lGODlhAQABAIAAAAAAAP\/\/\/yH5BAEAAAAALAAAAAABAAEAAAIBRAA7\" class=\"aux-attachment aux-featured-image aux-attachment-id-95 aux-preload aux-blank\" alt=\"demo-attachment-1311-Ellipse-6-1\" data-ratio=\"0.67\" data-original-w=\"709\" data-src=\"https:\/\/bletsi.com\/wp-content\/uploads\/2024\/02\/Ellipse-6-1.png\" \/>            \n                <\/div>\n    <\/div>\n\n<\/section><!-- widget-container -->\t\t\t\t<\/div>\n\t\t\t\t<\/div>\n\t\t\t\t<div class=\"aux-scroll-anim elementor-element elementor-element-9eb7031 aux-appear-watch-animation aux-fade-in-down-1 aux-shpe-type-circle elementor-widget elementor-widget-aux_simple_shape\" data-move-in=\"\" data-move-out=\"moveVertical\" data-axis-x=\"20\" data-axis-y=\"-30\" data-rotate=\"90\" data-scale=\"1\" data-vp-top=\"0.5\" data-vp-bot=\"0.5\" data-el-top=\"0.2\" data-scroll-animation-off=\"1024\" data-id=\"9eb7031\" data-element_type=\"widget\" data-widget_type=\"aux_simple_shape.default\">\n\t\t\t\t<div class=\"elementor-widget-container\">\n\t\t\t\t\t    <div class=\"aux-widget-container aux-simple-shape-container\">\n        <div class=\"aux-widget-container-inner\">\n            <div class=\"aux-the-shape\"><\/div>\n        <\/div>\n    <\/div>\n    \t\t\t\t<\/div>\n\t\t\t\t<\/div>\n\t\t\t\t<div class=\"elementor-element elementor-element-c5c0470 aux-appear-watch-animation aux-fade-in-right elementor-widget elementor-widget-aux_modern_heading\" data-id=\"c5c0470\" data-element_type=\"widget\" data-widget_type=\"aux_modern_heading.default\">\n\t\t\t\t<div class=\"elementor-widget-container\">\n\t\t\t\t\t<section class=\"aux-widget-modern-heading\">\n            <div class=\"aux-widget-inner\"><h4 class=\"aux-modern-heading-primary\">Web Design<\/h4><div class=\"aux-modern-heading-description\"><p>En Bletsi Studio dise\u00f1amos sitios web modernos y funcionales que transmiten la esencia de tu marca y generan confianza en tus clientes. Nuestro enfoque no es solo est\u00e9tico: cada proyecto se construye para ser claro, atractivo, f\u00e1cil de usar y orientado a resultados. Combinamos creatividad y tecnolog\u00eda para crear p\u00e1ginas que no solo se ven bien, sino que tambi\u00e9n funcionan como una herramienta real para tu negocio. Ya sea que necesites un sitio institucional, un blog profesional o una landing page para captar clientes, lo hacemos a medida.<\/p><\/div><\/div>\n        <\/section>\t\t\t\t<\/div>\n\t\t\t\t<\/div>\n\t\t\t\t<div class=\"elementor-element elementor-element-d9b9510 aux-appear-watch-animation aux-fade-in-right elementor-widget elementor-widget-aux_icon_list\" data-id=\"d9b9510\" data-element_type=\"widget\" data-widget_type=\"aux_icon_list.default\">\n\t\t\t\t<div class=\"elementor-widget-container\">\n\t\t\t\t\t<section class=\"widget-container aux-widget-icon-list aux-parent-auca1b638e\"><div class=\"widget-inner\"><div class=\"aux-widget-icon-list-inner\"><ul class=\"aux-icon-list-items aux-direction-horizontal\"><li class=\"aux-icon-list-item aux-list-item-has-icon aux-icon-list-item-500d72f elementor-repeater-item-500d72f\"><a class=\"aux-icon-list-link\" href=\"#\"><i aria-hidden=\"true\" class=\"aux-icon-list-icon auxicon auxicon-twitter\"><\/i><\/a><\/li><li class=\"aux-icon-list-item aux-list-item-has-icon aux-icon-list-item-4b21e3a elementor-repeater-item-4b21e3a\"><a class=\"aux-icon-list-link\" href=\"#\"><i aria-hidden=\"true\" class=\"aux-icon-list-icon fab fa-linkedin-in\"><\/i><\/a><\/li><li class=\"aux-icon-list-item aux-list-item-has-icon aux-icon-list-item-601a38f elementor-repeater-item-601a38f\"><a class=\"aux-icon-list-link\" href=\"#\"><i aria-hidden=\"true\" class=\"aux-icon-list-icon fab fa-behance\"><\/i><\/a><\/li><\/ul><\/div><\/div><\/section><!-- widget-container -->\t\t\t\t<\/div>\n\t\t\t\t<\/div>\n\t\t\t\t<\/div>\n\t\t<div class=\"elementor-element elementor-element-798e212 e-con-full e-flex e-con e-child\" data-id=\"798e212\" data-element_type=\"container\">\n\t\t\t\t<div class=\"aux-scroll-anim elementor-element elementor-element-d75cc45 aux-appear-watch-animation aux-scale-up-1 elementor-widget-mobile__width-inherit aux-shpe-type-circle elementor-widget elementor-widget-aux_simple_shape\" data-move-in=\"\" data-move-out=\"moveHorizontal\" data-axis-x=\"15\" data-axis-y=\"200\" data-rotate=\"90\" data-scale=\"1\" data-vp-top=\"0.5\" data-vp-bot=\"0.5\" data-el-top=\"0.2\" data-scroll-animation-off=\"1024\" data-id=\"d75cc45\" data-element_type=\"widget\" data-widget_type=\"aux_simple_shape.default\">\n\t\t\t\t<div class=\"elementor-widget-container\">\n\t\t\t\t\t    <div class=\"aux-widget-container aux-simple-shape-container\">\n        <div class=\"aux-widget-container-inner\">\n            <div class=\"aux-the-shape\"><\/div>\n        <\/div>\n    <\/div>\n    \t\t\t\t<\/div>\n\t\t\t\t<\/div>\n\t\t\t\t<div class=\"aux-scroll-anim elementor-element elementor-element-294c290 aux-appear-watch-animation aux-fade-in-left elementor-widget elementor-widget-aux_image\" data-move-in=\"\" data-move-out=\"moveHorizontal\" data-axis-x=\"-15\" data-axis-y=\"200\" data-rotate=\"90\" data-scale=\"1\" data-vp-top=\"0.5\" data-vp-bot=\"0.5\" data-el-top=\"0.2\" data-scroll-animation-off=\"1024\" data-id=\"294c290\" data-element_type=\"widget\" data-widget_type=\"aux_image.default\">\n\t\t\t\t<div class=\"elementor-widget-container\">\n\t\t\t\t\t<section class=\"widget-container aux-widget-image aux-alignnone aux-parent-au15fa5878\">\n    <div class=\"aux-media-hint-frame\">\n        <div class=\"aux-media-image\" >\n        \n            \n\n            \n            <img fetchpriority=\"high\" decoding=\"async\" width=\"840\" height=\"695\" src=\"https:\/\/bletsi.com\/wp-content\/uploads\/2025\/08\/ChatGPT-Image-24-ago-2025-20_41_46-Photoroom-e1756060995290.png\" class=\"aux-attachment aux-featured-image aux-attachment-id-394\" alt=\"ChatGPT Image 24 ago 2025, 20_41_46-Photoroom\" data-ratio=\"1.21\" data-original-w=\"840\" \/>            \n                <\/div>\n    <\/div>\n\n<\/section><!-- widget-container -->\t\t\t\t<\/div>\n\t\t\t\t<\/div>\n\t\t\t\t<\/div>\n\t\t\t\t\t<\/div>\n\t\t\t\t<\/div>\n\t\t<div class=\"aux-parallax-section elementor-element elementor-element-6fd25dce elementor-hidden-desktop elementor-hidden-tablet elementor-hidden-mobile e-flex e-con-boxed e-con e-parent\" data-id=\"6fd25dce\" data-element_type=\"container\">\n\t\t\t\t\t<div class=\"e-con-inner\">\n\t\t\t\t<div class=\"aux-scroll-anim elementor-element elementor-element-39821522 aux-appear-watch-animation aux-fade-in-left-2 elementor-widget elementor-widget-aux_image\" data-move-in=\"\" data-move-out=\"moveHorizontal\" data-axis-x=\"40\" data-axis-y=\"200\" data-rotate=\"90\" data-scale=\"1\" data-vp-top=\"0.5\" data-vp-bot=\"0.5\" data-el-top=\"0.2\" data-scroll-animation-off=\"1024\" data-id=\"39821522\" data-element_type=\"widget\" data-widget_type=\"aux_image.default\">\n\t\t\t\t<div class=\"elementor-widget-container\">\n\t\t\t\t\t<section class=\"widget-container aux-widget-image aux-alignnone aux-parent-au4510d9b5\">\n    <div class=\"aux-media-hint-frame\">\n        <div class=\"aux-media-image\" >\n        \n            \n\n            \n            <img decoding=\"async\" width=\"1482\" height=\"1878\" src=\"https:\/\/bletsi.com\/wp-content\/uploads\/2024\/02\/Ellipse-3-6.png\" class=\"aux-attachment aux-featured-image aux-attachment-id-94\" alt=\"demo-attachment-1342-Ellipse-3-6\" data-ratio=\"0.79\" data-original-w=\"1482\" \/>            \n                <\/div>\n    <\/div>\n\n<\/section><!-- widget-container -->\t\t\t\t<\/div>\n\t\t\t\t<\/div>\n\t\t\t\t<div class=\"aux-scroll-anim elementor-element elementor-element-496f9859 aux-appear-watch-animation aux-scale-up-2 elementor-widget elementor-widget-aux_image\" data-move-in=\"\" data-move-out=\"moveVertical\" data-axis-x=\"200\" data-axis-y=\"-40\" data-rotate=\"90\" data-scale=\"1\" data-vp-top=\"0.5\" data-vp-bot=\"0.5\" data-el-top=\"0.2\" data-scroll-animation-off=\"1024\" data-id=\"496f9859\" data-element_type=\"widget\" data-widget_type=\"aux_image.default\">\n\t\t\t\t<div class=\"elementor-widget-container\">\n\t\t\t\t\t<section class=\"widget-container aux-widget-image aux-alignnone aux-parent-au8d0b8852\">\n    <div class=\"aux-media-hint-frame\">\n        <div class=\"aux-media-image\" >\n        \n            \n\n            \n            <img loading=\"lazy\" decoding=\"async\" width=\"300\" height=\"300\" src=\"data:image\/gif;base64,R0lGODlhAQABAIAAAAAAAP\/\/\/yH5BAEAAAAALAAAAAABAAEAAAIBRAA7\" class=\"aux-attachment aux-featured-image aux-attachment-id-91 aux-preload aux-blank\" alt=\"demo-attachment-1469-Ellipse-1-3-300x300-1\" data-ratio=\"1\" data-original-w=\"300\" data-src=\"https:\/\/bletsi.com\/wp-content\/uploads\/2024\/02\/Ellipse-1-3-300x300-1.png\" \/>            \n                <\/div>\n    <\/div>\n\n<\/section><!-- widget-container -->\t\t\t\t<\/div>\n\t\t\t\t<\/div>\n\t\t<div class=\"elementor-element elementor-element-75d5746c e-con-full e-flex e-con e-child\" data-id=\"75d5746c\" data-element_type=\"container\">\n\t\t\t\t<div class=\"elementor-element elementor-element-69d55776 aux-appear-watch-animation aux-fade-in-up elementor-widget elementor-widget-aux_modern_heading\" data-id=\"69d55776\" data-element_type=\"widget\" data-widget_type=\"aux_modern_heading.default\">\n\t\t\t\t<div class=\"elementor-widget-container\">\n\t\t\t\t\t<section class=\"aux-widget-modern-heading\">\n            <div class=\"aux-widget-inner\"><h4 class=\"aux-modern-heading-primary\">Proven Excellence in Numbers<\/h4><div class=\"aux-modern-heading-description\"><p>Explore the impact we've made with over 2,000 successfully completed projects and satisfied clientele of 3,000 businesses.<\/p><\/div><\/div>\n        <\/section>\t\t\t\t<\/div>\n\t\t\t\t<\/div>\n\t\t\t\t<\/div>\n\t\t<div class=\"elementor-element elementor-element-65d89bb7 e-con-full e-flex e-con e-child\" data-id=\"65d89bb7\" data-element_type=\"container\">\n\t\t<div class=\"elementor-element elementor-element-31c8137e e-flex e-con-boxed e-con e-child\" data-id=\"31c8137e\" data-element_type=\"container\">\n\t\t\t\t\t<div class=\"e-con-inner\">\n\t\t\t\t<div class=\"elementor-element elementor-element-5d5f66bd elementor-widget__width-initial aux-appear-watch-animation aux-fade-in-right-1 elementor-widget elementor-widget-counter\" data-id=\"5d5f66bd\" data-element_type=\"widget\" data-widget_type=\"counter.default\">\n\t\t\t\t<div class=\"elementor-widget-container\">\n\t\t\t\t\t\t\t<div class=\"elementor-counter\">\n\t\t\t<div class=\"elementor-counter-title\">Client Retention Rate<\/div>\t\t\t<div class=\"elementor-counter-number-wrapper\">\n\t\t\t\t<span class=\"elementor-counter-number-prefix\"><\/span>\n\t\t\t\t<span class=\"elementor-counter-number\" data-duration=\"2000\" data-to-value=\"100\" data-from-value=\"0\" data-delimiter=\",\">0<\/span>\n\t\t\t\t<span class=\"elementor-counter-number-suffix\">%<\/span>\n\t\t\t<\/div>\n\t\t<\/div>\n\t\t\t\t\t\t<\/div>\n\t\t\t\t<\/div>\n\t\t\t\t<div class=\"elementor-element elementor-element-745785ff elementor-widget__width-initial aux-appear-watch-animation aux-fade-in-right-1 elementor-widget elementor-widget-counter\" data-id=\"745785ff\" data-element_type=\"widget\" data-widget_type=\"counter.default\">\n\t\t\t\t<div class=\"elementor-widget-container\">\n\t\t\t\t\t\t\t<div class=\"elementor-counter\">\n\t\t\t<div class=\"elementor-counter-title\">Strategic Partnerships<\/div>\t\t\t<div class=\"elementor-counter-number-wrapper\">\n\t\t\t\t<span class=\"elementor-counter-number-prefix\"><\/span>\n\t\t\t\t<span class=\"elementor-counter-number\" data-duration=\"2000\" data-to-value=\"30\" data-from-value=\"0\" data-delimiter=\",\">0<\/span>\n\t\t\t\t<span class=\"elementor-counter-number-suffix\">+<\/span>\n\t\t\t<\/div>\n\t\t<\/div>\n\t\t\t\t\t\t<\/div>\n\t\t\t\t<\/div>\n\t\t\t\t<div class=\"elementor-element elementor-element-3fa8c782 elementor-widget__width-initial aux-appear-watch-animation aux-fade-in-right-1 elementor-widget elementor-widget-counter\" data-id=\"3fa8c782\" data-element_type=\"widget\" data-widget_type=\"counter.default\">\n\t\t\t\t<div class=\"elementor-widget-container\">\n\t\t\t\t\t\t\t<div class=\"elementor-counter\">\n\t\t\t<div class=\"elementor-counter-title\">Donate Projects<\/div>\t\t\t<div class=\"elementor-counter-number-wrapper\">\n\t\t\t\t<span class=\"elementor-counter-number-prefix\"><\/span>\n\t\t\t\t<span class=\"elementor-counter-number\" data-duration=\"2000\" data-to-value=\"5\" data-from-value=\"0\" data-delimiter=\",\">0<\/span>\n\t\t\t\t<span class=\"elementor-counter-number-suffix\">k+<\/span>\n\t\t\t<\/div>\n\t\t<\/div>\n\t\t\t\t\t\t<\/div>\n\t\t\t\t<\/div>\n\t\t\t\t\t<\/div>\n\t\t\t\t<\/div>\n\t\t<div class=\"elementor-element elementor-element-7cadeedb e-flex e-con-boxed e-con e-child\" data-id=\"7cadeedb\" data-element_type=\"container\">\n\t\t\t\t\t<div class=\"e-con-inner\">\n\t\t\t\t<div class=\"elementor-element elementor-element-235863a6 elementor-widget__width-initial aux-appear-watch-animation aux-fade-in-left-1 elementor-widget elementor-widget-counter\" data-id=\"235863a6\" data-element_type=\"widget\" data-widget_type=\"counter.default\">\n\t\t\t\t<div class=\"elementor-widget-container\">\n\t\t\t\t\t\t\t<div class=\"elementor-counter\">\n\t\t\t<div class=\"elementor-counter-title\">Industry Awards<\/div>\t\t\t<div class=\"elementor-counter-number-wrapper\">\n\t\t\t\t<span class=\"elementor-counter-number-prefix\"><\/span>\n\t\t\t\t<span class=\"elementor-counter-number\" data-duration=\"2000\" data-to-value=\"10\" data-from-value=\"0\" data-delimiter=\",\">0<\/span>\n\t\t\t\t<span class=\"elementor-counter-number-suffix\">+<\/span>\n\t\t\t<\/div>\n\t\t<\/div>\n\t\t\t\t\t\t<\/div>\n\t\t\t\t<\/div>\n\t\t\t\t<div class=\"elementor-element elementor-element-751df597 elementor-widget__width-initial aux-appear-watch-animation aux-fade-in-left-1 elementor-widget elementor-widget-counter\" data-id=\"751df597\" data-element_type=\"widget\" data-widget_type=\"counter.default\">\n\t\t\t\t<div class=\"elementor-widget-container\">\n\t\t\t\t\t\t\t<div class=\"elementor-counter\">\n\t\t\t<div class=\"elementor-counter-title\">Industries Served<\/div>\t\t\t<div class=\"elementor-counter-number-wrapper\">\n\t\t\t\t<span class=\"elementor-counter-number-prefix\"><\/span>\n\t\t\t\t<span class=\"elementor-counter-number\" data-duration=\"2000\" data-to-value=\"50\" data-from-value=\"0\" data-delimiter=\",\">0<\/span>\n\t\t\t\t<span class=\"elementor-counter-number-suffix\">+<\/span>\n\t\t\t<\/div>\n\t\t<\/div>\n\t\t\t\t\t\t<\/div>\n\t\t\t\t<\/div>\n\t\t\t\t<div class=\"elementor-element elementor-element-2b02c278 elementor-widget__width-initial aux-appear-watch-animation aux-fade-in-left-1 elementor-widget elementor-widget-counter\" data-id=\"2b02c278\" data-element_type=\"widget\" data-widget_type=\"counter.default\">\n\t\t\t\t<div class=\"elementor-widget-container\">\n\t\t\t\t\t\t\t<div class=\"elementor-counter\">\n\t\t\t<div class=\"elementor-counter-title\">Years of Digital Excellence<\/div>\t\t\t<div class=\"elementor-counter-number-wrapper\">\n\t\t\t\t<span class=\"elementor-counter-number-prefix\"><\/span>\n\t\t\t\t<span class=\"elementor-counter-number\" data-duration=\"2000\" data-to-value=\"10\" data-from-value=\"0\" data-delimiter=\",\">0<\/span>\n\t\t\t\t<span class=\"elementor-counter-number-suffix\">+<\/span>\n\t\t\t<\/div>\n\t\t<\/div>\n\t\t\t\t\t\t<\/div>\n\t\t\t\t<\/div>\n\t\t\t\t\t<\/div>\n\t\t\t\t<\/div>\n\t\t\t\t<\/div>\n\t\t\t\t\t<\/div>\n\t\t\t\t<\/div>\n\t\t\t\t<\/div>","protected":false},"excerpt":{"rendered":"<p>Dise\u00f1o Web En Bletsi Studio dise\u00f1amos sitios web modernos y funcionales que transmiten la esencia de tu marca y generan confianza en tus clientes. Nuestro enfoque no es solo est\u00e9tico: cada proyecto se construye para ser claro, atractivo, f\u00e1cil de usar y orientado a resultados. Combinamos creatividad y tecnolog\u00eda para crear p\u00e1ginas que no solo [&hellip;]<\/p>","protected":false},"author":1,"featured_media":0,"parent":0,"menu_order":0,"comment_status":"closed","ping_status":"closed","template":"","meta":{"footnotes":""},"class_list":["post-385","page","type-page","status-publish","hentry"],"_links":{"self":[{"href":"https:\/\/bletsi.com\/en\/wp-json\/wp\/v2\/pages\/385","targetHints":{"allow":["GET"]}}],"collection":[{"href":"https:\/\/bletsi.com\/en\/wp-json\/wp\/v2\/pages"}],"about":[{"href":"https:\/\/bletsi.com\/en\/wp-json\/wp\/v2\/types\/page"}],"author":[{"embeddable":true,"href":"https:\/\/bletsi.com\/en\/wp-json\/wp\/v2\/users\/1"}],"replies":[{"embeddable":true,"href":"https:\/\/bletsi.com\/en\/wp-json\/wp\/v2\/comments?post=385"}],"version-history":[{"count":70,"href":"https:\/\/bletsi.com\/en\/wp-json\/wp\/v2\/pages\/385\/revisions"}],"predecessor-version":[{"id":767,"href":"https:\/\/bletsi.com\/en\/wp-json\/wp\/v2\/pages\/385\/revisions\/767"}],"wp:attachment":[{"href":"https:\/\/bletsi.com\/en\/wp-json\/wp\/v2\/media?parent=385"}],"curies":[{"name":"wp","href":"https:\/\/api.w.org\/{rel}","templated":true}]}}