{"id":447,"date":"2025-08-24T19:05:31","date_gmt":"2025-08-24T19:05:31","guid":{"rendered":"https:\/\/bletsi.com\/?page_id=447"},"modified":"2025-08-29T10:09:59","modified_gmt":"2025-08-29T10:09:59","slug":"desarrollo-web","status":"publish","type":"page","link":"https:\/\/bletsi.com\/en\/desarrollo-web\/","title":{"rendered":"Web Development"},"content":{"rendered":"<div data-elementor-type=\"wp-page\" data-elementor-id=\"447\" class=\"elementor elementor-447\">\n\t\t\t\t<div class=\"aux-parallax-section elementor-element elementor-element-61617963 elementor-hidden-mobile e-flex e-con-boxed e-con e-parent\" data-id=\"61617963\" data-element_type=\"container\">\n\t\t\t\t\t<div class=\"e-con-inner\">\n\t\t<div class=\"elementor-element elementor-element-3ac6595f e-con-full e-flex e-con e-child\" data-id=\"3ac6595f\" data-element_type=\"container\">\n\t\t\t\t<div class=\"aux-scroll-anim elementor-element elementor-element-6d0681 aux-appear-watch-animation aux-scale-up-1 aux-shpe-type-circle elementor-widget elementor-widget-aux_simple_shape\" data-move-in=\"\" data-move-out=\"moveHorizontal\" data-axis-x=\"15\" data-axis-y=\"200\" data-rotate=\"90\" data-scale=\"1\" data-vp-top=\"0.5\" data-vp-bot=\"0.5\" data-el-top=\"0.2\" data-scroll-animation-off=\"1024\" data-id=\"6d0681\" data-element_type=\"widget\" data-widget_type=\"aux_simple_shape.default\">\n\t\t\t\t<div class=\"elementor-widget-container\">\n\t\t\t\t\t    <div class=\"aux-widget-container aux-simple-shape-container\">\n        <div class=\"aux-widget-container-inner\">\n            <div class=\"aux-the-shape\"><\/div>\n        <\/div>\n    <\/div>\n    \t\t\t\t<\/div>\n\t\t\t\t<\/div>\n\t\t\t\t<div class=\"aux-scroll-anim elementor-element elementor-element-55e2b028 aux-appear-watch-animation aux-fade-in-left elementor-widget elementor-widget-aux_image\" data-move-in=\"\" data-move-out=\"moveHorizontal\" data-axis-x=\"-15\" data-axis-y=\"200\" data-rotate=\"90\" data-scale=\"1\" data-vp-top=\"0.5\" data-vp-bot=\"0.5\" data-el-top=\"0.2\" data-scroll-animation-off=\"1024\" data-id=\"55e2b028\" data-element_type=\"widget\" data-widget_type=\"aux_image.default\">\n\t\t\t\t<div class=\"elementor-widget-container\">\n\t\t\t\t\t<section class=\"widget-container aux-widget-image aux-alignnone aux-parent-au83a28d53\">\n    <div class=\"aux-media-hint-frame\">\n        <div class=\"aux-media-image\" >\n        \n            \n\n            \n            <img fetchpriority=\"high\" decoding=\"async\" width=\"840\" height=\"653\" src=\"https:\/\/bletsi.com\/wp-content\/uploads\/2025\/08\/ChatGPT-Image-29-ago-2025-09_31_27-Photoroom-e1756452795379.png\" class=\"aux-attachment aux-featured-image aux-attachment-id-535\" alt=\"ChatGPT Image 29 ago 2025, 09_31_27-Photoroom\" data-ratio=\"1.29\" data-original-w=\"840\" \/>            \n                <\/div>\n    <\/div>\n\n<\/section><!-- widget-container -->\t\t\t\t<\/div>\n\t\t\t\t<\/div>\n\t\t\t\t<\/div>\n\t\t<div class=\"elementor-element elementor-element-6093f08e e-con-full e-flex e-con e-child\" data-id=\"6093f08e\" data-element_type=\"container\">\n\t\t\t\t<div class=\"aux-scroll-anim elementor-element elementor-element-7545053f aux-appear-watch-animation aux-fade-in-custom elementor-widget elementor-widget-aux_image\" data-move-in=\"\" data-move-out=\"moveVertical\" data-axis-x=\"200\" data-axis-y=\"40\" data-rotate=\"90\" data-scale=\"1\" data-vp-top=\"0.5\" data-vp-bot=\"0.5\" data-el-top=\"0.2\" data-scroll-animation-off=\"1024\" data-id=\"7545053f\" data-element_type=\"widget\" data-widget_type=\"aux_image.default\">\n\t\t\t\t<div class=\"elementor-widget-container\">\n\t\t\t\t\t<section class=\"widget-container aux-widget-image aux-alignnone aux-parent-auce260a99\">\n    <div class=\"aux-media-hint-frame\">\n        <div class=\"aux-media-image\" >\n        \n            \n\n            \n            <img decoding=\"async\" width=\"709\" height=\"1060\" src=\"data:image\/gif;base64,R0lGODlhAQABAIAAAAAAAP\/\/\/yH5BAEAAAAALAAAAAABAAEAAAIBRAA7\" class=\"aux-attachment aux-featured-image aux-attachment-id-95 aux-preload aux-blank\" alt=\"demo-attachment-1311-Ellipse-6-1\" data-ratio=\"0.67\" data-original-w=\"709\" data-src=\"https:\/\/bletsi.com\/wp-content\/uploads\/2024\/02\/Ellipse-6-1.png\" \/>            \n                <\/div>\n    <\/div>\n\n<\/section><!-- widget-container -->\t\t\t\t<\/div>\n\t\t\t\t<\/div>\n\t\t\t\t<div class=\"aux-scroll-anim elementor-element elementor-element-5a2d627f aux-appear-watch-animation aux-fade-in-down-1 aux-shpe-type-circle elementor-widget elementor-widget-aux_simple_shape\" data-move-in=\"\" data-move-out=\"moveVertical\" data-axis-x=\"20\" data-axis-y=\"-30\" data-rotate=\"90\" data-scale=\"1\" data-vp-top=\"0.5\" data-vp-bot=\"0.5\" data-el-top=\"0.2\" data-scroll-animation-off=\"1024\" data-id=\"5a2d627f\" data-element_type=\"widget\" data-widget_type=\"aux_simple_shape.default\">\n\t\t\t\t<div class=\"elementor-widget-container\">\n\t\t\t\t\t    <div class=\"aux-widget-container aux-simple-shape-container\">\n        <div class=\"aux-widget-container-inner\">\n            <div class=\"aux-the-shape\"><\/div>\n        <\/div>\n    <\/div>\n    \t\t\t\t<\/div>\n\t\t\t\t<\/div>\n\t\t\t\t<div class=\"elementor-element elementor-element-511eaa6a aux-appear-watch-animation aux-fade-in-right elementor-widget elementor-widget-aux_modern_heading\" data-id=\"511eaa6a\" data-element_type=\"widget\" data-widget_type=\"aux_modern_heading.default\">\n\t\t\t\t<div class=\"elementor-widget-container\">\n\t\t\t\t\t<section class=\"aux-widget-modern-heading\">\n            <div class=\"aux-widget-inner\"><h4 class=\"aux-modern-heading-primary\">Web Development<\/h4><div class=\"aux-modern-heading-description\"><p data-start=\"186\" data-end=\"490\">En Bletsi Studio ofrecemos un servicio de <strong data-start=\"228\" data-end=\"266\">desarrollo web completo y a medida<\/strong>, enfocado en crear sitios funcionales, seguros y preparados para crecer junto a tu negocio. Nos ocupamos de la parte t\u00e9cnica que asegura que tu p\u00e1gina no solo se vea bien, sino que tambi\u00e9n sea r\u00e1pida, estable y escalable.<\/p><p data-start=\"492\" data-end=\"881\">Desde la integraci\u00f3n de funciones avanzadas como sistemas de reservas, pasarelas de pago o formularios inteligentes, hasta la optimizaci\u00f3n del rendimiento y la seguridad, cuidamos cada detalle para que tu sitio web sea una verdadera herramienta digital. Nuestro objetivo es entregar soluciones confiables que impulsen la presencia online de tu marca y faciliten la gesti\u00f3n de tu negocio.<\/p><\/div><\/div>\n        <\/section>\t\t\t\t<\/div>\n\t\t\t\t<\/div>\n\t\t\t\t<div class=\"elementor-element elementor-element-287679c9 aux-appear-watch-animation aux-fade-in-right elementor-widget elementor-widget-aux_icon_list\" data-id=\"287679c9\" data-element_type=\"widget\" data-widget_type=\"aux_icon_list.default\">\n\t\t\t\t<div class=\"elementor-widget-container\">\n\t\t\t\t\t<section class=\"widget-container aux-widget-icon-list aux-parent-aub87797c5\"><div class=\"widget-inner\"><div class=\"aux-widget-icon-list-inner\"><ul class=\"aux-icon-list-items aux-direction-horizontal\"><li class=\"aux-icon-list-item aux-list-item-has-icon aux-icon-list-item-500d72f elementor-repeater-item-500d72f\"><a class=\"aux-icon-list-link\" href=\"#\"><i aria-hidden=\"true\" class=\"aux-icon-list-icon auxicon auxicon-twitter\"><\/i><\/a><\/li><li class=\"aux-icon-list-item aux-list-item-has-icon aux-icon-list-item-4b21e3a elementor-repeater-item-4b21e3a\"><a class=\"aux-icon-list-link\" href=\"#\"><i aria-hidden=\"true\" class=\"aux-icon-list-icon fab fa-linkedin-in\"><\/i><\/a><\/li><li class=\"aux-icon-list-item aux-list-item-has-icon aux-icon-list-item-601a38f elementor-repeater-item-601a38f\"><a class=\"aux-icon-list-link\" href=\"#\"><i aria-hidden=\"true\" class=\"aux-icon-list-icon fab fa-behance\"><\/i><\/a><\/li><\/ul><\/div><\/div><\/section><!-- widget-container -->\t\t\t\t<\/div>\n\t\t\t\t<\/div>\n\t\t\t\t<\/div>\n\t\t\t\t\t<\/div>\n\t\t\t\t<\/div>\n\t\t<div class=\"aux-parallax-section elementor-element elementor-element-5f7d025 elementor-hidden-desktop elementor-hidden-tablet e-flex e-con-boxed e-con e-parent\" data-id=\"5f7d025\" data-element_type=\"container\">\n\t\t\t\t\t<div class=\"e-con-inner\">\n\t\t<div class=\"elementor-element elementor-element-58b5322 e-con-full e-flex e-con e-child\" data-id=\"58b5322\" data-element_type=\"container\">\n\t\t\t\t<div class=\"aux-scroll-anim elementor-element elementor-element-7f9d15d aux-appear-watch-animation aux-fade-in-custom elementor-widget elementor-widget-aux_image\" data-move-in=\"\" data-move-out=\"moveVertical\" data-axis-x=\"200\" data-axis-y=\"40\" data-rotate=\"90\" data-scale=\"1\" data-vp-top=\"0.5\" data-vp-bot=\"0.5\" data-el-top=\"0.2\" data-scroll-animation-off=\"1024\" data-id=\"7f9d15d\" data-element_type=\"widget\" data-widget_type=\"aux_image.default\">\n\t\t\t\t<div class=\"elementor-widget-container\">\n\t\t\t\t\t<section class=\"widget-container aux-widget-image aux-alignnone aux-parent-auafae152c\">\n    <div class=\"aux-media-hint-frame\">\n        <div class=\"aux-media-image\" >\n        \n            \n\n            \n            <img decoding=\"async\" width=\"709\" height=\"1060\" src=\"data:image\/gif;base64,R0lGODlhAQABAIAAAAAAAP\/\/\/yH5BAEAAAAALAAAAAABAAEAAAIBRAA7\" class=\"aux-attachment aux-featured-image aux-attachment-id-95 aux-preload aux-blank\" alt=\"demo-attachment-1311-Ellipse-6-1\" data-ratio=\"0.67\" data-original-w=\"709\" data-src=\"https:\/\/bletsi.com\/wp-content\/uploads\/2024\/02\/Ellipse-6-1.png\" \/>            \n                <\/div>\n    <\/div>\n\n<\/section><!-- widget-container -->\t\t\t\t<\/div>\n\t\t\t\t<\/div>\n\t\t\t\t<div class=\"aux-scroll-anim elementor-element elementor-element-73f332a aux-appear-watch-animation aux-fade-in-down-1 aux-shpe-type-circle elementor-widget elementor-widget-aux_simple_shape\" data-move-in=\"\" data-move-out=\"moveVertical\" data-axis-x=\"20\" data-axis-y=\"-30\" data-rotate=\"90\" data-scale=\"1\" data-vp-top=\"0.5\" data-vp-bot=\"0.5\" data-el-top=\"0.2\" data-scroll-animation-off=\"1024\" data-id=\"73f332a\" data-element_type=\"widget\" data-widget_type=\"aux_simple_shape.default\">\n\t\t\t\t<div class=\"elementor-widget-container\">\n\t\t\t\t\t    <div class=\"aux-widget-container aux-simple-shape-container\">\n        <div class=\"aux-widget-container-inner\">\n            <div class=\"aux-the-shape\"><\/div>\n        <\/div>\n    <\/div>\n    \t\t\t\t<\/div>\n\t\t\t\t<\/div>\n\t\t\t\t<div class=\"elementor-element elementor-element-55866eb aux-appear-watch-animation aux-fade-in-right elementor-widget elementor-widget-aux_modern_heading\" data-id=\"55866eb\" data-element_type=\"widget\" data-widget_type=\"aux_modern_heading.default\">\n\t\t\t\t<div class=\"elementor-widget-container\">\n\t\t\t\t\t<section class=\"aux-widget-modern-heading\">\n            <div class=\"aux-widget-inner\"><h4 class=\"aux-modern-heading-primary\">Web Development<\/h4><div class=\"aux-modern-heading-description\"><p data-start=\"186\" data-end=\"490\">En Bletsi Studio ofrecemos un servicio de <strong data-start=\"228\" data-end=\"266\">desarrollo web completo y a medida<\/strong>, enfocado en crear sitios funcionales, seguros y preparados para crecer junto a tu negocio. Nos ocupamos de la parte t\u00e9cnica que asegura que tu p\u00e1gina no solo se vea bien, sino que tambi\u00e9n sea r\u00e1pida, estable y escalable.<\/p><p data-start=\"492\" data-end=\"881\">Desde la integraci\u00f3n de funciones avanzadas como sistemas de reservas, pasarelas de pago o formularios inteligentes, hasta la optimizaci\u00f3n del rendimiento y la seguridad, cuidamos cada detalle para que tu sitio web sea una verdadera herramienta digital. Nuestro objetivo es entregar soluciones confiables que impulsen la presencia online de tu marca y faciliten la gesti\u00f3n de tu negocio.<\/p><\/div><\/div>\n        <\/section>\t\t\t\t<\/div>\n\t\t\t\t<\/div>\n\t\t\t\t<div class=\"elementor-element elementor-element-7d2ac6b aux-appear-watch-animation aux-fade-in-right elementor-widget elementor-widget-aux_icon_list\" data-id=\"7d2ac6b\" data-element_type=\"widget\" data-widget_type=\"aux_icon_list.default\">\n\t\t\t\t<div class=\"elementor-widget-container\">\n\t\t\t\t\t<section class=\"widget-container aux-widget-icon-list aux-parent-au46bc4780\"><div class=\"widget-inner\"><div class=\"aux-widget-icon-list-inner\"><ul class=\"aux-icon-list-items aux-direction-horizontal\"><li class=\"aux-icon-list-item aux-list-item-has-icon aux-icon-list-item-500d72f elementor-repeater-item-500d72f\"><a class=\"aux-icon-list-link\" href=\"#\"><i aria-hidden=\"true\" class=\"aux-icon-list-icon auxicon auxicon-twitter\"><\/i><\/a><\/li><li class=\"aux-icon-list-item aux-list-item-has-icon aux-icon-list-item-4b21e3a elementor-repeater-item-4b21e3a\"><a class=\"aux-icon-list-link\" href=\"#\"><i aria-hidden=\"true\" class=\"aux-icon-list-icon fab fa-linkedin-in\"><\/i><\/a><\/li><li class=\"aux-icon-list-item aux-list-item-has-icon aux-icon-list-item-601a38f elementor-repeater-item-601a38f\"><a class=\"aux-icon-list-link\" href=\"#\"><i aria-hidden=\"true\" class=\"aux-icon-list-icon fab fa-behance\"><\/i><\/a><\/li><\/ul><\/div><\/div><\/section><!-- widget-container -->\t\t\t\t<\/div>\n\t\t\t\t<\/div>\n\t\t\t\t<\/div>\n\t\t<div class=\"elementor-element elementor-element-a2566aa e-con-full e-flex e-con e-child\" data-id=\"a2566aa\" data-element_type=\"container\">\n\t\t\t\t<div class=\"aux-scroll-anim elementor-element elementor-element-811b40f aux-appear-watch-animation aux-scale-up-1 aux-shpe-type-circle elementor-widget elementor-widget-aux_simple_shape\" data-move-in=\"\" data-move-out=\"moveHorizontal\" data-axis-x=\"15\" data-axis-y=\"200\" data-rotate=\"90\" data-scale=\"1\" data-vp-top=\"0.5\" data-vp-bot=\"0.5\" data-el-top=\"0.2\" data-scroll-animation-off=\"1024\" data-id=\"811b40f\" data-element_type=\"widget\" data-widget_type=\"aux_simple_shape.default\">\n\t\t\t\t<div class=\"elementor-widget-container\">\n\t\t\t\t\t    <div class=\"aux-widget-container aux-simple-shape-container\">\n        <div class=\"aux-widget-container-inner\">\n            <div class=\"aux-the-shape\"><\/div>\n        <\/div>\n    <\/div>\n    \t\t\t\t<\/div>\n\t\t\t\t<\/div>\n\t\t\t\t<div class=\"aux-scroll-anim elementor-element elementor-element-ceee17d aux-appear-watch-animation aux-fade-in-left elementor-widget elementor-widget-aux_image\" data-move-in=\"\" data-move-out=\"moveHorizontal\" data-axis-x=\"-15\" data-axis-y=\"200\" data-rotate=\"90\" data-scale=\"1\" data-vp-top=\"0.5\" data-vp-bot=\"0.5\" data-el-top=\"0.2\" data-scroll-animation-off=\"1024\" data-id=\"ceee17d\" data-element_type=\"widget\" data-widget_type=\"aux_image.default\">\n\t\t\t\t<div class=\"elementor-widget-container\">\n\t\t\t\t\t<section class=\"widget-container aux-widget-image aux-alignnone aux-parent-aua834093b\">\n    <div class=\"aux-media-hint-frame\">\n        <div class=\"aux-media-image\" >\n        \n            \n\n            \n            <img fetchpriority=\"high\" decoding=\"async\" width=\"840\" height=\"653\" src=\"https:\/\/bletsi.com\/wp-content\/uploads\/2025\/08\/ChatGPT-Image-29-ago-2025-09_31_27-Photoroom-e1756452795379.png\" class=\"aux-attachment aux-featured-image aux-attachment-id-535\" alt=\"ChatGPT Image 29 ago 2025, 09_31_27-Photoroom\" data-ratio=\"1.29\" data-original-w=\"840\" \/>            \n                <\/div>\n    <\/div>\n\n<\/section><!-- widget-container -->\t\t\t\t<\/div>\n\t\t\t\t<\/div>\n\t\t\t\t<\/div>\n\t\t\t\t\t<\/div>\n\t\t\t\t<\/div>\n\t\t<div class=\"aux-parallax-section elementor-element elementor-element-51bdc0ee elementor-hidden-desktop elementor-hidden-tablet elementor-hidden-mobile e-flex e-con-boxed e-con e-parent\" data-id=\"51bdc0ee\" data-element_type=\"container\">\n\t\t\t\t\t<div class=\"e-con-inner\">\n\t\t\t\t<div class=\"aux-scroll-anim elementor-element elementor-element-6a56e75b aux-appear-watch-animation aux-fade-in-left-2 elementor-widget elementor-widget-aux_image\" data-move-in=\"\" data-move-out=\"moveHorizontal\" data-axis-x=\"40\" data-axis-y=\"200\" data-rotate=\"90\" data-scale=\"1\" data-vp-top=\"0.5\" data-vp-bot=\"0.5\" data-el-top=\"0.2\" data-scroll-animation-off=\"1024\" data-id=\"6a56e75b\" data-element_type=\"widget\" data-widget_type=\"aux_image.default\">\n\t\t\t\t<div class=\"elementor-widget-container\">\n\t\t\t\t\t<section class=\"widget-container aux-widget-image aux-alignnone aux-parent-au416a1ad3\">\n    <div class=\"aux-media-hint-frame\">\n        <div class=\"aux-media-image\" >\n        \n            \n\n            \n            <img decoding=\"async\" width=\"1482\" height=\"1878\" src=\"https:\/\/bletsi.com\/wp-content\/uploads\/2024\/02\/Ellipse-3-6.png\" class=\"aux-attachment aux-featured-image aux-attachment-id-94\" alt=\"demo-attachment-1342-Ellipse-3-6\" data-ratio=\"0.79\" data-original-w=\"1482\" \/>            \n                <\/div>\n    <\/div>\n\n<\/section><!-- widget-container -->\t\t\t\t<\/div>\n\t\t\t\t<\/div>\n\t\t\t\t<div class=\"aux-scroll-anim elementor-element elementor-element-353ce0eb aux-appear-watch-animation aux-scale-up-2 elementor-widget elementor-widget-aux_image\" data-move-in=\"\" data-move-out=\"moveVertical\" data-axis-x=\"200\" data-axis-y=\"-40\" data-rotate=\"90\" data-scale=\"1\" data-vp-top=\"0.5\" data-vp-bot=\"0.5\" data-el-top=\"0.2\" data-scroll-animation-off=\"1024\" data-id=\"353ce0eb\" data-element_type=\"widget\" data-widget_type=\"aux_image.default\">\n\t\t\t\t<div class=\"elementor-widget-container\">\n\t\t\t\t\t<section class=\"widget-container aux-widget-image aux-alignnone aux-parent-auaff4cd3b\">\n    <div class=\"aux-media-hint-frame\">\n        <div class=\"aux-media-image\" >\n        \n            \n\n            \n            <img loading=\"lazy\" decoding=\"async\" width=\"300\" height=\"300\" src=\"data:image\/gif;base64,R0lGODlhAQABAIAAAAAAAP\/\/\/yH5BAEAAAAALAAAAAABAAEAAAIBRAA7\" class=\"aux-attachment aux-featured-image aux-attachment-id-91 aux-preload aux-blank\" alt=\"demo-attachment-1469-Ellipse-1-3-300x300-1\" data-ratio=\"1\" data-original-w=\"300\" data-src=\"https:\/\/bletsi.com\/wp-content\/uploads\/2024\/02\/Ellipse-1-3-300x300-1.png\" \/>            \n                <\/div>\n    <\/div>\n\n<\/section><!-- widget-container -->\t\t\t\t<\/div>\n\t\t\t\t<\/div>\n\t\t<div class=\"elementor-element elementor-element-42abad1e e-con-full e-flex e-con e-child\" data-id=\"42abad1e\" data-element_type=\"container\">\n\t\t\t\t<div class=\"elementor-element elementor-element-7f06314f aux-appear-watch-animation aux-fade-in-up elementor-widget elementor-widget-aux_modern_heading\" data-id=\"7f06314f\" data-element_type=\"widget\" data-widget_type=\"aux_modern_heading.default\">\n\t\t\t\t<div class=\"elementor-widget-container\">\n\t\t\t\t\t<section class=\"aux-widget-modern-heading\">\n            <div class=\"aux-widget-inner\"><h4 class=\"aux-modern-heading-primary\">Proven Excellence in Numbers<\/h4><div class=\"aux-modern-heading-description\"><p>Explore the impact we've made with over 2,000 successfully completed projects and satisfied clientele of 3,000 businesses.<\/p><\/div><\/div>\n        <\/section>\t\t\t\t<\/div>\n\t\t\t\t<\/div>\n\t\t\t\t<\/div>\n\t\t<div class=\"elementor-element elementor-element-3d6e99dd e-con-full e-flex e-con e-child\" data-id=\"3d6e99dd\" data-element_type=\"container\">\n\t\t<div class=\"elementor-element elementor-element-7291bf63 e-flex e-con-boxed e-con e-child\" data-id=\"7291bf63\" data-element_type=\"container\">\n\t\t\t\t\t<div class=\"e-con-inner\">\n\t\t\t\t<div class=\"elementor-element elementor-element-72dd88a7 elementor-widget__width-initial aux-appear-watch-animation aux-fade-in-right-1 elementor-widget elementor-widget-counter\" data-id=\"72dd88a7\" data-element_type=\"widget\" data-widget_type=\"counter.default\">\n\t\t\t\t<div class=\"elementor-widget-container\">\n\t\t\t\t\t\t\t<div class=\"elementor-counter\">\n\t\t\t<div class=\"elementor-counter-title\">Client Retention Rate<\/div>\t\t\t<div class=\"elementor-counter-number-wrapper\">\n\t\t\t\t<span class=\"elementor-counter-number-prefix\"><\/span>\n\t\t\t\t<span class=\"elementor-counter-number\" data-duration=\"2000\" data-to-value=\"100\" data-from-value=\"0\" data-delimiter=\",\">0<\/span>\n\t\t\t\t<span class=\"elementor-counter-number-suffix\">%<\/span>\n\t\t\t<\/div>\n\t\t<\/div>\n\t\t\t\t\t\t<\/div>\n\t\t\t\t<\/div>\n\t\t\t\t<div class=\"elementor-element elementor-element-454bd2a9 elementor-widget__width-initial aux-appear-watch-animation aux-fade-in-right-1 elementor-widget elementor-widget-counter\" data-id=\"454bd2a9\" data-element_type=\"widget\" data-widget_type=\"counter.default\">\n\t\t\t\t<div class=\"elementor-widget-container\">\n\t\t\t\t\t\t\t<div class=\"elementor-counter\">\n\t\t\t<div class=\"elementor-counter-title\">Strategic Partnerships<\/div>\t\t\t<div class=\"elementor-counter-number-wrapper\">\n\t\t\t\t<span class=\"elementor-counter-number-prefix\"><\/span>\n\t\t\t\t<span class=\"elementor-counter-number\" data-duration=\"2000\" data-to-value=\"30\" data-from-value=\"0\" data-delimiter=\",\">0<\/span>\n\t\t\t\t<span class=\"elementor-counter-number-suffix\">+<\/span>\n\t\t\t<\/div>\n\t\t<\/div>\n\t\t\t\t\t\t<\/div>\n\t\t\t\t<\/div>\n\t\t\t\t<div class=\"elementor-element elementor-element-751e725e elementor-widget__width-initial aux-appear-watch-animation aux-fade-in-right-1 elementor-widget elementor-widget-counter\" data-id=\"751e725e\" data-element_type=\"widget\" data-widget_type=\"counter.default\">\n\t\t\t\t<div class=\"elementor-widget-container\">\n\t\t\t\t\t\t\t<div class=\"elementor-counter\">\n\t\t\t<div class=\"elementor-counter-title\">Donate Projects<\/div>\t\t\t<div class=\"elementor-counter-number-wrapper\">\n\t\t\t\t<span class=\"elementor-counter-number-prefix\"><\/span>\n\t\t\t\t<span class=\"elementor-counter-number\" data-duration=\"2000\" data-to-value=\"5\" data-from-value=\"0\" data-delimiter=\",\">0<\/span>\n\t\t\t\t<span class=\"elementor-counter-number-suffix\">k+<\/span>\n\t\t\t<\/div>\n\t\t<\/div>\n\t\t\t\t\t\t<\/div>\n\t\t\t\t<\/div>\n\t\t\t\t\t<\/div>\n\t\t\t\t<\/div>\n\t\t<div class=\"elementor-element elementor-element-6630167d e-flex e-con-boxed e-con e-child\" data-id=\"6630167d\" data-element_type=\"container\">\n\t\t\t\t\t<div class=\"e-con-inner\">\n\t\t\t\t<div class=\"elementor-element elementor-element-959cb74 elementor-widget__width-initial aux-appear-watch-animation aux-fade-in-left-1 elementor-widget elementor-widget-counter\" data-id=\"959cb74\" data-element_type=\"widget\" data-widget_type=\"counter.default\">\n\t\t\t\t<div class=\"elementor-widget-container\">\n\t\t\t\t\t\t\t<div class=\"elementor-counter\">\n\t\t\t<div class=\"elementor-counter-title\">Industry Awards<\/div>\t\t\t<div class=\"elementor-counter-number-wrapper\">\n\t\t\t\t<span class=\"elementor-counter-number-prefix\"><\/span>\n\t\t\t\t<span class=\"elementor-counter-number\" data-duration=\"2000\" data-to-value=\"10\" data-from-value=\"0\" data-delimiter=\",\">0<\/span>\n\t\t\t\t<span class=\"elementor-counter-number-suffix\">+<\/span>\n\t\t\t<\/div>\n\t\t<\/div>\n\t\t\t\t\t\t<\/div>\n\t\t\t\t<\/div>\n\t\t\t\t<div class=\"elementor-element elementor-element-7965f274 elementor-widget__width-initial aux-appear-watch-animation aux-fade-in-left-1 elementor-widget elementor-widget-counter\" data-id=\"7965f274\" data-element_type=\"widget\" data-widget_type=\"counter.default\">\n\t\t\t\t<div class=\"elementor-widget-container\">\n\t\t\t\t\t\t\t<div class=\"elementor-counter\">\n\t\t\t<div class=\"elementor-counter-title\">Industries Served<\/div>\t\t\t<div class=\"elementor-counter-number-wrapper\">\n\t\t\t\t<span class=\"elementor-counter-number-prefix\"><\/span>\n\t\t\t\t<span class=\"elementor-counter-number\" data-duration=\"2000\" data-to-value=\"50\" data-from-value=\"0\" data-delimiter=\",\">0<\/span>\n\t\t\t\t<span class=\"elementor-counter-number-suffix\">+<\/span>\n\t\t\t<\/div>\n\t\t<\/div>\n\t\t\t\t\t\t<\/div>\n\t\t\t\t<\/div>\n\t\t\t\t<div class=\"elementor-element elementor-element-5b13e05f elementor-widget__width-initial aux-appear-watch-animation aux-fade-in-left-1 elementor-widget elementor-widget-counter\" data-id=\"5b13e05f\" data-element_type=\"widget\" data-widget_type=\"counter.default\">\n\t\t\t\t<div class=\"elementor-widget-container\">\n\t\t\t\t\t\t\t<div class=\"elementor-counter\">\n\t\t\t<div class=\"elementor-counter-title\">Years of Digital Excellence<\/div>\t\t\t<div class=\"elementor-counter-number-wrapper\">\n\t\t\t\t<span class=\"elementor-counter-number-prefix\"><\/span>\n\t\t\t\t<span class=\"elementor-counter-number\" data-duration=\"2000\" data-to-value=\"10\" data-from-value=\"0\" data-delimiter=\",\">0<\/span>\n\t\t\t\t<span class=\"elementor-counter-number-suffix\">+<\/span>\n\t\t\t<\/div>\n\t\t<\/div>\n\t\t\t\t\t\t<\/div>\n\t\t\t\t<\/div>\n\t\t\t\t\t<\/div>\n\t\t\t\t<\/div>\n\t\t\t\t<\/div>\n\t\t\t\t\t<\/div>\n\t\t\t\t<\/div>\n\t\t\t\t<\/div>","protected":false},"excerpt":{"rendered":"<p>Desarrollo Web En Bletsi Studio ofrecemos un servicio de desarrollo web completo y a medida, enfocado en crear sitios funcionales, seguros y preparados para crecer junto a tu negocio. Nos ocupamos de la parte t\u00e9cnica que asegura que tu p\u00e1gina no solo se vea bien, sino que tambi\u00e9n sea r\u00e1pida, estable y escalable. Desde la [&hellip;]<\/p>","protected":false},"author":1,"featured_media":0,"parent":0,"menu_order":0,"comment_status":"closed","ping_status":"closed","template":"","meta":{"footnotes":""},"class_list":["post-447","page","type-page","status-publish","hentry"],"_links":{"self":[{"href":"https:\/\/bletsi.com\/en\/wp-json\/wp\/v2\/pages\/447","targetHints":{"allow":["GET"]}}],"collection":[{"href":"https:\/\/bletsi.com\/en\/wp-json\/wp\/v2\/pages"}],"about":[{"href":"https:\/\/bletsi.com\/en\/wp-json\/wp\/v2\/types\/page"}],"author":[{"embeddable":true,"href":"https:\/\/bletsi.com\/en\/wp-json\/wp\/v2\/users\/1"}],"replies":[{"embeddable":true,"href":"https:\/\/bletsi.com\/en\/wp-json\/wp\/v2\/comments?post=447"}],"version-history":[{"count":40,"href":"https:\/\/bletsi.com\/en\/wp-json\/wp\/v2\/pages\/447\/revisions"}],"predecessor-version":[{"id":782,"href":"https:\/\/bletsi.com\/en\/wp-json\/wp\/v2\/pages\/447\/revisions\/782"}],"wp:attachment":[{"href":"https:\/\/bletsi.com\/en\/wp-json\/wp\/v2\/media?parent=447"}],"curies":[{"name":"wp","href":"https:\/\/api.w.org\/{rel}","templated":true}]}}