{"id":563,"date":"2025-08-29T07:57:13","date_gmt":"2025-08-29T07:57:13","guid":{"rendered":"https:\/\/bletsi.com\/?page_id=563"},"modified":"2025-08-29T10:06:02","modified_gmt":"2025-08-29T10:06:02","slug":"e-commerce","status":"publish","type":"page","link":"https:\/\/bletsi.com\/en\/e-commerce\/","title":{"rendered":"E-commerce"},"content":{"rendered":"<div data-elementor-type=\"wp-page\" data-elementor-id=\"563\" class=\"elementor elementor-563\">\n\t\t\t\t<div class=\"aux-parallax-section elementor-element elementor-element-748b72c3 elementor-hidden-mobile e-flex e-con-boxed e-con e-parent\" data-id=\"748b72c3\" data-element_type=\"container\">\n\t\t\t\t\t<div class=\"e-con-inner\">\n\t\t<div class=\"elementor-element elementor-element-533ed24 e-con-full e-flex e-con e-child\" data-id=\"533ed24\" data-element_type=\"container\">\n\t\t\t\t<div class=\"aux-scroll-anim elementor-element elementor-element-3366be97 aux-appear-watch-animation aux-scale-up-1 aux-shpe-type-circle elementor-widget elementor-widget-aux_simple_shape\" data-move-in=\"\" data-move-out=\"moveHorizontal\" data-axis-x=\"15\" data-axis-y=\"200\" data-rotate=\"90\" data-scale=\"1\" data-vp-top=\"0.5\" data-vp-bot=\"0.5\" data-el-top=\"0.2\" data-scroll-animation-off=\"1024\" data-id=\"3366be97\" data-element_type=\"widget\" data-widget_type=\"aux_simple_shape.default\">\n\t\t\t\t<div class=\"elementor-widget-container\">\n\t\t\t\t\t    <div class=\"aux-widget-container aux-simple-shape-container\">\n        <div class=\"aux-widget-container-inner\">\n            <div class=\"aux-the-shape\"><\/div>\n        <\/div>\n    <\/div>\n    \t\t\t\t<\/div>\n\t\t\t\t<\/div>\n\t\t\t\t<div class=\"aux-scroll-anim elementor-element elementor-element-74359a00 aux-appear-watch-animation aux-fade-in-left elementor-widget elementor-widget-aux_image\" data-move-in=\"\" data-move-out=\"moveHorizontal\" data-axis-x=\"-15\" data-axis-y=\"200\" data-rotate=\"90\" data-scale=\"1\" data-vp-top=\"0.5\" data-vp-bot=\"0.5\" data-el-top=\"0.2\" data-scroll-animation-off=\"1024\" data-id=\"74359a00\" data-element_type=\"widget\" data-widget_type=\"aux_image.default\">\n\t\t\t\t<div class=\"elementor-widget-container\">\n\t\t\t\t\t<section class=\"widget-container aux-widget-image aux-alignnone aux-parent-au5d02b550\">\n    <div class=\"aux-media-hint-frame\">\n        <div class=\"aux-media-image\" >\n        \n            \n\n            \n            <img fetchpriority=\"high\" decoding=\"async\" width=\"1024\" height=\"1024\" src=\"https:\/\/bletsi.com\/wp-content\/uploads\/2025\/08\/ChatGPT-Image-29-ago-2025-10_14_28-Photoroom.png\" class=\"aux-attachment aux-featured-image aux-attachment-id-568\" alt=\"ChatGPT Image 29 ago 2025, 10_14_28-Photoroom\" data-ratio=\"1\" data-original-w=\"1024\" \/>            \n                <\/div>\n    <\/div>\n\n<\/section><!-- widget-container -->\t\t\t\t<\/div>\n\t\t\t\t<\/div>\n\t\t\t\t<\/div>\n\t\t<div class=\"elementor-element elementor-element-1526163f e-con-full e-flex e-con e-child\" data-id=\"1526163f\" data-element_type=\"container\">\n\t\t\t\t<div class=\"aux-scroll-anim elementor-element elementor-element-35b834e8 aux-appear-watch-animation aux-fade-in-custom elementor-widget elementor-widget-aux_image\" data-move-in=\"\" data-move-out=\"moveVertical\" data-axis-x=\"200\" data-axis-y=\"40\" data-rotate=\"90\" data-scale=\"1\" data-vp-top=\"0.5\" data-vp-bot=\"0.5\" data-el-top=\"0.2\" data-scroll-animation-off=\"1024\" data-id=\"35b834e8\" data-element_type=\"widget\" data-widget_type=\"aux_image.default\">\n\t\t\t\t<div class=\"elementor-widget-container\">\n\t\t\t\t\t<section class=\"widget-container aux-widget-image aux-alignnone aux-parent-au4de17866\">\n    <div class=\"aux-media-hint-frame\">\n        <div class=\"aux-media-image\" >\n        \n            \n\n            \n            <img decoding=\"async\" width=\"709\" height=\"1060\" src=\"data:image\/gif;base64,R0lGODlhAQABAIAAAAAAAP\/\/\/yH5BAEAAAAALAAAAAABAAEAAAIBRAA7\" class=\"aux-attachment aux-featured-image aux-attachment-id-95 aux-preload aux-blank\" alt=\"demo-attachment-1311-Ellipse-6-1\" data-ratio=\"0.67\" data-original-w=\"709\" data-src=\"https:\/\/bletsi.com\/wp-content\/uploads\/2024\/02\/Ellipse-6-1.png\" \/>            \n                <\/div>\n    <\/div>\n\n<\/section><!-- widget-container -->\t\t\t\t<\/div>\n\t\t\t\t<\/div>\n\t\t\t\t<div class=\"aux-scroll-anim elementor-element elementor-element-2a3254b8 aux-appear-watch-animation aux-fade-in-down-1 aux-shpe-type-circle elementor-widget elementor-widget-aux_simple_shape\" data-move-in=\"\" data-move-out=\"moveVertical\" data-axis-x=\"20\" data-axis-y=\"-30\" data-rotate=\"90\" data-scale=\"1\" data-vp-top=\"0.5\" data-vp-bot=\"0.5\" data-el-top=\"0.2\" data-scroll-animation-off=\"1024\" data-id=\"2a3254b8\" data-element_type=\"widget\" data-widget_type=\"aux_simple_shape.default\">\n\t\t\t\t<div class=\"elementor-widget-container\">\n\t\t\t\t\t    <div class=\"aux-widget-container aux-simple-shape-container\">\n        <div class=\"aux-widget-container-inner\">\n            <div class=\"aux-the-shape\"><\/div>\n        <\/div>\n    <\/div>\n    \t\t\t\t<\/div>\n\t\t\t\t<\/div>\n\t\t\t\t<div class=\"elementor-element elementor-element-b829f00 aux-appear-watch-animation aux-fade-in-right elementor-widget elementor-widget-aux_modern_heading\" data-id=\"b829f00\" data-element_type=\"widget\" data-widget_type=\"aux_modern_heading.default\">\n\t\t\t\t<div class=\"elementor-widget-container\">\n\t\t\t\t\t<section class=\"aux-widget-modern-heading\">\n            <div class=\"aux-widget-inner\"><h4 class=\"aux-modern-heading-primary\">E-commerce<\/h4><div class=\"aux-modern-heading-description\"><p data-start=\"249\" data-end=\"559\">En Bletsi Studio desarrollamos <strong data-start=\"280\" data-end=\"312\">tiendas online profesionales<\/strong> dise\u00f1adas para impulsar tus ventas y brindar la mejor experiencia a tus clientes. Cada proyecto es creado a medida, con un dise\u00f1o atractivo y una estructura optimizada que facilita la navegaci\u00f3n, la b\u00fasqueda de productos y el proceso de compra.<\/p><p data-start=\"561\" data-end=\"914\">Nuestras soluciones de e-commerce incluyen la integraci\u00f3n de pasarelas de pago seguras, gesti\u00f3n de inventario, env\u00edos y todas las herramientas que tu negocio necesita para crecer en el mundo digital. Nos enfocamos en que tu tienda sea r\u00e1pida, confiable y adaptable a cualquier dispositivo, para que tus clientes puedan comprar de forma f\u00e1cil y segura.<\/p><p data-start=\"916\" data-end=\"1061\">Con una plataforma robusta y escalable, tendr\u00e1s el control total de tu negocio online y el respaldo de un equipo que te acompa\u00f1a en cada etapa.<\/p><\/div><\/div>\n        <\/section>\t\t\t\t<\/div>\n\t\t\t\t<\/div>\n\t\t\t\t<div class=\"elementor-element elementor-element-3a4ac868 aux-appear-watch-animation aux-fade-in-right elementor-widget elementor-widget-aux_icon_list\" data-id=\"3a4ac868\" data-element_type=\"widget\" data-widget_type=\"aux_icon_list.default\">\n\t\t\t\t<div class=\"elementor-widget-container\">\n\t\t\t\t\t<section class=\"widget-container aux-widget-icon-list aux-parent-au417940d7\"><div class=\"widget-inner\"><div class=\"aux-widget-icon-list-inner\"><ul class=\"aux-icon-list-items aux-direction-horizontal\"><li class=\"aux-icon-list-item aux-list-item-has-icon aux-icon-list-item-500d72f elementor-repeater-item-500d72f\"><a class=\"aux-icon-list-link\" href=\"#\"><i aria-hidden=\"true\" class=\"aux-icon-list-icon auxicon auxicon-twitter\"><\/i><\/a><\/li><li class=\"aux-icon-list-item aux-list-item-has-icon aux-icon-list-item-4b21e3a elementor-repeater-item-4b21e3a\"><a class=\"aux-icon-list-link\" href=\"#\"><i aria-hidden=\"true\" class=\"aux-icon-list-icon fab fa-linkedin-in\"><\/i><\/a><\/li><li class=\"aux-icon-list-item aux-list-item-has-icon aux-icon-list-item-601a38f elementor-repeater-item-601a38f\"><a class=\"aux-icon-list-link\" href=\"#\"><i aria-hidden=\"true\" class=\"aux-icon-list-icon fab fa-behance\"><\/i><\/a><\/li><\/ul><\/div><\/div><\/section><!-- widget-container -->\t\t\t\t<\/div>\n\t\t\t\t<\/div>\n\t\t\t\t<\/div>\n\t\t\t\t\t<\/div>\n\t\t\t\t<\/div>\n\t\t<div class=\"aux-parallax-section elementor-element elementor-element-b10c9f4 elementor-hidden-desktop elementor-hidden-tablet e-flex e-con-boxed e-con e-parent\" data-id=\"b10c9f4\" data-element_type=\"container\">\n\t\t\t\t\t<div class=\"e-con-inner\">\n\t\t<div class=\"elementor-element elementor-element-9341879 e-con-full e-flex e-con e-child\" data-id=\"9341879\" data-element_type=\"container\">\n\t\t\t\t<div class=\"aux-scroll-anim elementor-element elementor-element-b528753 aux-appear-watch-animation aux-fade-in-custom elementor-widget elementor-widget-aux_image\" data-move-in=\"\" data-move-out=\"moveVertical\" data-axis-x=\"200\" data-axis-y=\"40\" data-rotate=\"90\" data-scale=\"1\" data-vp-top=\"0.5\" data-vp-bot=\"0.5\" data-el-top=\"0.2\" data-scroll-animation-off=\"1024\" data-id=\"b528753\" data-element_type=\"widget\" data-widget_type=\"aux_image.default\">\n\t\t\t\t<div class=\"elementor-widget-container\">\n\t\t\t\t\t<section class=\"widget-container aux-widget-image aux-alignnone aux-parent-au7d7e6ae4\">\n    <div class=\"aux-media-hint-frame\">\n        <div class=\"aux-media-image\" >\n        \n            \n\n            \n            <img decoding=\"async\" width=\"709\" height=\"1060\" src=\"data:image\/gif;base64,R0lGODlhAQABAIAAAAAAAP\/\/\/yH5BAEAAAAALAAAAAABAAEAAAIBRAA7\" class=\"aux-attachment aux-featured-image aux-attachment-id-95 aux-preload aux-blank\" alt=\"demo-attachment-1311-Ellipse-6-1\" data-ratio=\"0.67\" data-original-w=\"709\" data-src=\"https:\/\/bletsi.com\/wp-content\/uploads\/2024\/02\/Ellipse-6-1.png\" \/>            \n                <\/div>\n    <\/div>\n\n<\/section><!-- widget-container -->\t\t\t\t<\/div>\n\t\t\t\t<\/div>\n\t\t\t\t<div class=\"aux-scroll-anim elementor-element elementor-element-7aba10b aux-appear-watch-animation aux-fade-in-down-1 aux-shpe-type-circle elementor-widget elementor-widget-aux_simple_shape\" data-move-in=\"\" data-move-out=\"moveVertical\" data-axis-x=\"20\" data-axis-y=\"-30\" data-rotate=\"90\" data-scale=\"1\" data-vp-top=\"0.5\" data-vp-bot=\"0.5\" data-el-top=\"0.2\" data-scroll-animation-off=\"1024\" data-id=\"7aba10b\" data-element_type=\"widget\" data-widget_type=\"aux_simple_shape.default\">\n\t\t\t\t<div class=\"elementor-widget-container\">\n\t\t\t\t\t    <div class=\"aux-widget-container aux-simple-shape-container\">\n        <div class=\"aux-widget-container-inner\">\n            <div class=\"aux-the-shape\"><\/div>\n        <\/div>\n    <\/div>\n    \t\t\t\t<\/div>\n\t\t\t\t<\/div>\n\t\t\t\t<div class=\"elementor-element elementor-element-4cdcef0 aux-appear-watch-animation aux-fade-in-right elementor-widget elementor-widget-aux_modern_heading\" data-id=\"4cdcef0\" data-element_type=\"widget\" data-widget_type=\"aux_modern_heading.default\">\n\t\t\t\t<div class=\"elementor-widget-container\">\n\t\t\t\t\t<section class=\"aux-widget-modern-heading\">\n            <div class=\"aux-widget-inner\"><h4 class=\"aux-modern-heading-primary\">E-commerce<\/h4><div class=\"aux-modern-heading-description\"><p data-start=\"249\" data-end=\"559\">En Bletsi Studio desarrollamos <strong data-start=\"280\" data-end=\"312\">tiendas online profesionales<\/strong> dise\u00f1adas para impulsar tus ventas y brindar la mejor experiencia a tus clientes. Cada proyecto es creado a medida, con un dise\u00f1o atractivo y una estructura optimizada que facilita la navegaci\u00f3n, la b\u00fasqueda de productos y el proceso de compra.<\/p><p data-start=\"561\" data-end=\"914\">Nuestras soluciones de e-commerce incluyen la integraci\u00f3n de pasarelas de pago seguras, gesti\u00f3n de inventario, env\u00edos y todas las herramientas que tu negocio necesita para crecer en el mundo digital. Nos enfocamos en que tu tienda sea r\u00e1pida, confiable y adaptable a cualquier dispositivo, para que tus clientes puedan comprar de forma f\u00e1cil y segura.<\/p><p data-start=\"916\" data-end=\"1061\">Con una plataforma robusta y escalable, tendr\u00e1s el control total de tu negocio online y el respaldo de un equipo que te acompa\u00f1a en cada etapa.<\/p><\/div><\/div>\n        <\/section>\t\t\t\t<\/div>\n\t\t\t\t<\/div>\n\t\t\t\t<div class=\"elementor-element elementor-element-485502f aux-appear-watch-animation aux-fade-in-right elementor-widget elementor-widget-aux_icon_list\" data-id=\"485502f\" data-element_type=\"widget\" data-widget_type=\"aux_icon_list.default\">\n\t\t\t\t<div class=\"elementor-widget-container\">\n\t\t\t\t\t<section class=\"widget-container aux-widget-icon-list aux-parent-au57a2e365\"><div class=\"widget-inner\"><div class=\"aux-widget-icon-list-inner\"><ul class=\"aux-icon-list-items aux-direction-horizontal\"><li class=\"aux-icon-list-item aux-list-item-has-icon aux-icon-list-item-500d72f elementor-repeater-item-500d72f\"><a class=\"aux-icon-list-link\" href=\"#\"><i aria-hidden=\"true\" class=\"aux-icon-list-icon auxicon auxicon-twitter\"><\/i><\/a><\/li><li class=\"aux-icon-list-item aux-list-item-has-icon aux-icon-list-item-4b21e3a elementor-repeater-item-4b21e3a\"><a class=\"aux-icon-list-link\" href=\"#\"><i aria-hidden=\"true\" class=\"aux-icon-list-icon fab fa-linkedin-in\"><\/i><\/a><\/li><li class=\"aux-icon-list-item aux-list-item-has-icon aux-icon-list-item-601a38f elementor-repeater-item-601a38f\"><a class=\"aux-icon-list-link\" href=\"#\"><i aria-hidden=\"true\" class=\"aux-icon-list-icon fab fa-behance\"><\/i><\/a><\/li><\/ul><\/div><\/div><\/section><!-- widget-container -->\t\t\t\t<\/div>\n\t\t\t\t<\/div>\n\t\t\t\t<\/div>\n\t\t<div class=\"elementor-element elementor-element-b3d98a4 e-con-full e-flex e-con e-child\" data-id=\"b3d98a4\" data-element_type=\"container\">\n\t\t\t\t<div class=\"aux-scroll-anim elementor-element elementor-element-e3129fc aux-appear-watch-animation aux-scale-up-1 aux-shpe-type-circle elementor-widget elementor-widget-aux_simple_shape\" data-move-in=\"\" data-move-out=\"moveHorizontal\" data-axis-x=\"15\" data-axis-y=\"200\" data-rotate=\"90\" data-scale=\"1\" data-vp-top=\"0.5\" data-vp-bot=\"0.5\" data-el-top=\"0.2\" data-scroll-animation-off=\"1024\" data-id=\"e3129fc\" data-element_type=\"widget\" data-widget_type=\"aux_simple_shape.default\">\n\t\t\t\t<div class=\"elementor-widget-container\">\n\t\t\t\t\t    <div class=\"aux-widget-container aux-simple-shape-container\">\n        <div class=\"aux-widget-container-inner\">\n            <div class=\"aux-the-shape\"><\/div>\n        <\/div>\n    <\/div>\n    \t\t\t\t<\/div>\n\t\t\t\t<\/div>\n\t\t\t\t<div class=\"aux-scroll-anim elementor-element elementor-element-ba1b6dd aux-appear-watch-animation aux-fade-in-left elementor-widget elementor-widget-aux_image\" data-move-in=\"\" data-move-out=\"moveHorizontal\" data-axis-x=\"-15\" data-axis-y=\"200\" data-rotate=\"90\" data-scale=\"1\" data-vp-top=\"0.5\" data-vp-bot=\"0.5\" data-el-top=\"0.2\" data-scroll-animation-off=\"1024\" data-id=\"ba1b6dd\" data-element_type=\"widget\" data-widget_type=\"aux_image.default\">\n\t\t\t\t<div class=\"elementor-widget-container\">\n\t\t\t\t\t<section class=\"widget-container aux-widget-image aux-alignnone aux-parent-au95573690\">\n    <div class=\"aux-media-hint-frame\">\n        <div class=\"aux-media-image\" >\n        \n            \n\n            \n            <img fetchpriority=\"high\" decoding=\"async\" width=\"1024\" height=\"1024\" src=\"https:\/\/bletsi.com\/wp-content\/uploads\/2025\/08\/ChatGPT-Image-29-ago-2025-10_14_28-Photoroom.png\" class=\"aux-attachment aux-featured-image aux-attachment-id-568\" alt=\"ChatGPT Image 29 ago 2025, 10_14_28-Photoroom\" data-ratio=\"1\" data-original-w=\"1024\" \/>            \n                <\/div>\n    <\/div>\n\n<\/section><!-- widget-container -->\t\t\t\t<\/div>\n\t\t\t\t<\/div>\n\t\t\t\t<\/div>\n\t\t\t\t\t<\/div>\n\t\t\t\t<\/div>\n\t\t<div class=\"aux-parallax-section elementor-element elementor-element-7742bef3 elementor-hidden-desktop elementor-hidden-tablet elementor-hidden-mobile e-flex e-con-boxed e-con e-parent\" data-id=\"7742bef3\" data-element_type=\"container\">\n\t\t\t\t\t<div class=\"e-con-inner\">\n\t\t\t\t<div class=\"aux-scroll-anim elementor-element elementor-element-5f3efbe6 aux-appear-watch-animation aux-fade-in-left-2 elementor-widget elementor-widget-aux_image\" data-move-in=\"\" data-move-out=\"moveHorizontal\" data-axis-x=\"40\" data-axis-y=\"200\" data-rotate=\"90\" data-scale=\"1\" data-vp-top=\"0.5\" data-vp-bot=\"0.5\" data-el-top=\"0.2\" data-scroll-animation-off=\"1024\" data-id=\"5f3efbe6\" data-element_type=\"widget\" data-widget_type=\"aux_image.default\">\n\t\t\t\t<div class=\"elementor-widget-container\">\n\t\t\t\t\t<section class=\"widget-container aux-widget-image aux-alignnone aux-parent-aucf4eed20\">\n    <div class=\"aux-media-hint-frame\">\n        <div class=\"aux-media-image\" >\n        \n            \n\n            \n            <img decoding=\"async\" width=\"1482\" height=\"1878\" src=\"https:\/\/bletsi.com\/wp-content\/uploads\/2024\/02\/Ellipse-3-6.png\" class=\"aux-attachment aux-featured-image aux-attachment-id-94\" alt=\"demo-attachment-1342-Ellipse-3-6\" data-ratio=\"0.79\" data-original-w=\"1482\" \/>            \n                <\/div>\n    <\/div>\n\n<\/section><!-- widget-container -->\t\t\t\t<\/div>\n\t\t\t\t<\/div>\n\t\t\t\t<div class=\"aux-scroll-anim elementor-element elementor-element-7ef1e086 aux-appear-watch-animation aux-scale-up-2 elementor-widget elementor-widget-aux_image\" data-move-in=\"\" data-move-out=\"moveVertical\" data-axis-x=\"200\" data-axis-y=\"-40\" data-rotate=\"90\" data-scale=\"1\" data-vp-top=\"0.5\" data-vp-bot=\"0.5\" data-el-top=\"0.2\" data-scroll-animation-off=\"1024\" data-id=\"7ef1e086\" data-element_type=\"widget\" data-widget_type=\"aux_image.default\">\n\t\t\t\t<div class=\"elementor-widget-container\">\n\t\t\t\t\t<section class=\"widget-container aux-widget-image aux-alignnone aux-parent-auf1dcde09\">\n    <div class=\"aux-media-hint-frame\">\n        <div class=\"aux-media-image\" >\n        \n            \n\n            \n            <img loading=\"lazy\" decoding=\"async\" width=\"300\" height=\"300\" src=\"data:image\/gif;base64,R0lGODlhAQABAIAAAAAAAP\/\/\/yH5BAEAAAAALAAAAAABAAEAAAIBRAA7\" class=\"aux-attachment aux-featured-image aux-attachment-id-91 aux-preload aux-blank\" alt=\"demo-attachment-1469-Ellipse-1-3-300x300-1\" data-ratio=\"1\" data-original-w=\"300\" data-src=\"https:\/\/bletsi.com\/wp-content\/uploads\/2024\/02\/Ellipse-1-3-300x300-1.png\" \/>            \n                <\/div>\n    <\/div>\n\n<\/section><!-- widget-container -->\t\t\t\t<\/div>\n\t\t\t\t<\/div>\n\t\t<div class=\"elementor-element elementor-element-1a03b7c2 e-con-full e-flex e-con e-child\" data-id=\"1a03b7c2\" data-element_type=\"container\">\n\t\t\t\t<div class=\"elementor-element elementor-element-a14353a aux-appear-watch-animation aux-fade-in-up elementor-widget elementor-widget-aux_modern_heading\" data-id=\"a14353a\" data-element_type=\"widget\" data-widget_type=\"aux_modern_heading.default\">\n\t\t\t\t<div class=\"elementor-widget-container\">\n\t\t\t\t\t<section class=\"aux-widget-modern-heading\">\n            <div class=\"aux-widget-inner\"><h4 class=\"aux-modern-heading-primary\">Proven Excellence in Numbers<\/h4><div class=\"aux-modern-heading-description\"><p>Explore the impact we've made with over 2,000 successfully completed projects and satisfied clientele of 3,000 businesses.<\/p><\/div><\/div>\n        <\/section>\t\t\t\t<\/div>\n\t\t\t\t<\/div>\n\t\t\t\t<\/div>\n\t\t<div class=\"elementor-element elementor-element-e02f6eb e-con-full e-flex e-con e-child\" data-id=\"e02f6eb\" data-element_type=\"container\">\n\t\t<div class=\"elementor-element elementor-element-3b962475 e-flex e-con-boxed e-con e-child\" data-id=\"3b962475\" data-element_type=\"container\">\n\t\t\t\t\t<div class=\"e-con-inner\">\n\t\t\t\t<div class=\"elementor-element elementor-element-15823d96 elementor-widget__width-initial aux-appear-watch-animation aux-fade-in-right-1 elementor-widget elementor-widget-counter\" data-id=\"15823d96\" data-element_type=\"widget\" data-widget_type=\"counter.default\">\n\t\t\t\t<div class=\"elementor-widget-container\">\n\t\t\t\t\t\t\t<div class=\"elementor-counter\">\n\t\t\t<div class=\"elementor-counter-title\">Client Retention Rate<\/div>\t\t\t<div class=\"elementor-counter-number-wrapper\">\n\t\t\t\t<span class=\"elementor-counter-number-prefix\"><\/span>\n\t\t\t\t<span class=\"elementor-counter-number\" data-duration=\"2000\" data-to-value=\"100\" data-from-value=\"0\" data-delimiter=\",\">0<\/span>\n\t\t\t\t<span class=\"elementor-counter-number-suffix\">%<\/span>\n\t\t\t<\/div>\n\t\t<\/div>\n\t\t\t\t\t\t<\/div>\n\t\t\t\t<\/div>\n\t\t\t\t<div class=\"elementor-element elementor-element-53cfc6ac elementor-widget__width-initial aux-appear-watch-animation aux-fade-in-right-1 elementor-widget elementor-widget-counter\" data-id=\"53cfc6ac\" data-element_type=\"widget\" data-widget_type=\"counter.default\">\n\t\t\t\t<div class=\"elementor-widget-container\">\n\t\t\t\t\t\t\t<div class=\"elementor-counter\">\n\t\t\t<div class=\"elementor-counter-title\">Strategic Partnerships<\/div>\t\t\t<div class=\"elementor-counter-number-wrapper\">\n\t\t\t\t<span class=\"elementor-counter-number-prefix\"><\/span>\n\t\t\t\t<span class=\"elementor-counter-number\" data-duration=\"2000\" data-to-value=\"30\" data-from-value=\"0\" data-delimiter=\",\">0<\/span>\n\t\t\t\t<span class=\"elementor-counter-number-suffix\">+<\/span>\n\t\t\t<\/div>\n\t\t<\/div>\n\t\t\t\t\t\t<\/div>\n\t\t\t\t<\/div>\n\t\t\t\t<div class=\"elementor-element elementor-element-6cd08579 elementor-widget__width-initial aux-appear-watch-animation aux-fade-in-right-1 elementor-widget elementor-widget-counter\" data-id=\"6cd08579\" data-element_type=\"widget\" data-widget_type=\"counter.default\">\n\t\t\t\t<div class=\"elementor-widget-container\">\n\t\t\t\t\t\t\t<div class=\"elementor-counter\">\n\t\t\t<div class=\"elementor-counter-title\">Donate Projects<\/div>\t\t\t<div class=\"elementor-counter-number-wrapper\">\n\t\t\t\t<span class=\"elementor-counter-number-prefix\"><\/span>\n\t\t\t\t<span class=\"elementor-counter-number\" data-duration=\"2000\" data-to-value=\"5\" data-from-value=\"0\" data-delimiter=\",\">0<\/span>\n\t\t\t\t<span class=\"elementor-counter-number-suffix\">k+<\/span>\n\t\t\t<\/div>\n\t\t<\/div>\n\t\t\t\t\t\t<\/div>\n\t\t\t\t<\/div>\n\t\t\t\t\t<\/div>\n\t\t\t\t<\/div>\n\t\t<div class=\"elementor-element elementor-element-78f52cae e-flex e-con-boxed e-con e-child\" data-id=\"78f52cae\" data-element_type=\"container\">\n\t\t\t\t\t<div class=\"e-con-inner\">\n\t\t\t\t<div class=\"elementor-element elementor-element-2ca80937 elementor-widget__width-initial aux-appear-watch-animation aux-fade-in-left-1 elementor-widget elementor-widget-counter\" data-id=\"2ca80937\" data-element_type=\"widget\" data-widget_type=\"counter.default\">\n\t\t\t\t<div class=\"elementor-widget-container\">\n\t\t\t\t\t\t\t<div class=\"elementor-counter\">\n\t\t\t<div class=\"elementor-counter-title\">Industry Awards<\/div>\t\t\t<div class=\"elementor-counter-number-wrapper\">\n\t\t\t\t<span class=\"elementor-counter-number-prefix\"><\/span>\n\t\t\t\t<span class=\"elementor-counter-number\" data-duration=\"2000\" data-to-value=\"10\" data-from-value=\"0\" data-delimiter=\",\">0<\/span>\n\t\t\t\t<span class=\"elementor-counter-number-suffix\">+<\/span>\n\t\t\t<\/div>\n\t\t<\/div>\n\t\t\t\t\t\t<\/div>\n\t\t\t\t<\/div>\n\t\t\t\t<div class=\"elementor-element elementor-element-5f25b14a elementor-widget__width-initial aux-appear-watch-animation aux-fade-in-left-1 elementor-widget elementor-widget-counter\" data-id=\"5f25b14a\" data-element_type=\"widget\" data-widget_type=\"counter.default\">\n\t\t\t\t<div class=\"elementor-widget-container\">\n\t\t\t\t\t\t\t<div class=\"elementor-counter\">\n\t\t\t<div class=\"elementor-counter-title\">Industries Served<\/div>\t\t\t<div class=\"elementor-counter-number-wrapper\">\n\t\t\t\t<span class=\"elementor-counter-number-prefix\"><\/span>\n\t\t\t\t<span class=\"elementor-counter-number\" data-duration=\"2000\" data-to-value=\"50\" data-from-value=\"0\" data-delimiter=\",\">0<\/span>\n\t\t\t\t<span class=\"elementor-counter-number-suffix\">+<\/span>\n\t\t\t<\/div>\n\t\t<\/div>\n\t\t\t\t\t\t<\/div>\n\t\t\t\t<\/div>\n\t\t\t\t<div class=\"elementor-element elementor-element-c3f3de9 elementor-widget__width-initial aux-appear-watch-animation aux-fade-in-left-1 elementor-widget elementor-widget-counter\" data-id=\"c3f3de9\" data-element_type=\"widget\" data-widget_type=\"counter.default\">\n\t\t\t\t<div class=\"elementor-widget-container\">\n\t\t\t\t\t\t\t<div class=\"elementor-counter\">\n\t\t\t<div class=\"elementor-counter-title\">Years of Digital Excellence<\/div>\t\t\t<div class=\"elementor-counter-number-wrapper\">\n\t\t\t\t<span class=\"elementor-counter-number-prefix\"><\/span>\n\t\t\t\t<span class=\"elementor-counter-number\" data-duration=\"2000\" data-to-value=\"10\" data-from-value=\"0\" data-delimiter=\",\">0<\/span>\n\t\t\t\t<span class=\"elementor-counter-number-suffix\">+<\/span>\n\t\t\t<\/div>\n\t\t<\/div>\n\t\t\t\t\t\t<\/div>\n\t\t\t\t<\/div>\n\t\t\t\t\t<\/div>\n\t\t\t\t<\/div>\n\t\t\t\t<\/div>\n\t\t\t\t\t<\/div>\n\t\t\t\t<\/div>\n\t\t\t\t<\/div>","protected":false},"excerpt":{"rendered":"<p>E-commerce En Bletsi Studio desarrollamos tiendas online profesionales dise\u00f1adas para impulsar tus ventas y brindar la mejor experiencia a tus clientes. Cada proyecto es creado a medida, con un dise\u00f1o atractivo y una estructura optimizada que facilita la navegaci\u00f3n, la b\u00fasqueda de productos y el proceso de compra. Nuestras soluciones de e-commerce incluyen la integraci\u00f3n [&hellip;]<\/p>","protected":false},"author":1,"featured_media":0,"parent":0,"menu_order":0,"comment_status":"closed","ping_status":"closed","template":"","meta":{"footnotes":""},"class_list":["post-563","page","type-page","status-publish","hentry"],"_links":{"self":[{"href":"https:\/\/bletsi.com\/en\/wp-json\/wp\/v2\/pages\/563","targetHints":{"allow":["GET"]}}],"collection":[{"href":"https:\/\/bletsi.com\/en\/wp-json\/wp\/v2\/pages"}],"about":[{"href":"https:\/\/bletsi.com\/en\/wp-json\/wp\/v2\/types\/page"}],"author":[{"embeddable":true,"href":"https:\/\/bletsi.com\/en\/wp-json\/wp\/v2\/users\/1"}],"replies":[{"embeddable":true,"href":"https:\/\/bletsi.com\/en\/wp-json\/wp\/v2\/comments?post=563"}],"version-history":[{"count":58,"href":"https:\/\/bletsi.com\/en\/wp-json\/wp\/v2\/pages\/563\/revisions"}],"predecessor-version":[{"id":773,"href":"https:\/\/bletsi.com\/en\/wp-json\/wp\/v2\/pages\/563\/revisions\/773"}],"wp:attachment":[{"href":"https:\/\/bletsi.com\/en\/wp-json\/wp\/v2\/media?parent=563"}],"curies":[{"name":"wp","href":"https:\/\/api.w.org\/{rel}","templated":true}]}}