{"id":620,"date":"2025-08-29T09:00:20","date_gmt":"2025-08-29T09:00:20","guid":{"rendered":"https:\/\/bletsi.com\/?page_id=620"},"modified":"2025-08-29T10:00:26","modified_gmt":"2025-08-29T10:00:26","slug":"chatbots","status":"publish","type":"page","link":"https:\/\/bletsi.com\/en\/chatbots\/","title":{"rendered":"Chatbots"},"content":{"rendered":"<div data-elementor-type=\"wp-page\" data-elementor-id=\"620\" class=\"elementor elementor-620\">\n\t\t\t\t<div class=\"aux-parallax-section elementor-element elementor-element-770e88df elementor-hidden-mobile e-flex e-con-boxed e-con e-parent\" data-id=\"770e88df\" data-element_type=\"container\">\n\t\t\t\t\t<div class=\"e-con-inner\">\n\t\t<div class=\"elementor-element elementor-element-1427cacc e-con-full e-flex e-con e-child\" data-id=\"1427cacc\" data-element_type=\"container\">\n\t\t\t\t<div class=\"aux-scroll-anim elementor-element elementor-element-4b948c63 aux-appear-watch-animation aux-scale-up-1 aux-shpe-type-circle elementor-widget elementor-widget-aux_simple_shape\" data-move-in=\"\" data-move-out=\"moveHorizontal\" data-axis-x=\"15\" data-axis-y=\"200\" data-rotate=\"90\" data-scale=\"1\" data-vp-top=\"0.5\" data-vp-bot=\"0.5\" data-el-top=\"0.2\" data-scroll-animation-off=\"1024\" data-id=\"4b948c63\" data-element_type=\"widget\" data-widget_type=\"aux_simple_shape.default\">\n\t\t\t\t<div class=\"elementor-widget-container\">\n\t\t\t\t\t    <div class=\"aux-widget-container aux-simple-shape-container\">\n        <div class=\"aux-widget-container-inner\">\n            <div class=\"aux-the-shape\"><\/div>\n        <\/div>\n    <\/div>\n    \t\t\t\t<\/div>\n\t\t\t\t<\/div>\n\t\t\t\t<div class=\"aux-scroll-anim elementor-element elementor-element-497f9b93 aux-appear-watch-animation aux-fade-in-left elementor-widget elementor-widget-aux_image\" data-move-in=\"\" data-move-out=\"moveHorizontal\" data-axis-x=\"-15\" data-axis-y=\"200\" data-rotate=\"90\" data-scale=\"1\" data-vp-top=\"0.5\" data-vp-bot=\"0.5\" data-el-top=\"0.2\" data-scroll-animation-off=\"1024\" data-id=\"497f9b93\" data-element_type=\"widget\" data-widget_type=\"aux_image.default\">\n\t\t\t\t<div class=\"elementor-widget-container\">\n\t\t\t\t\t<section class=\"widget-container aux-widget-image aux-alignnone aux-parent-aub15b00f4\">\n    <div class=\"aux-media-hint-frame\">\n        <div class=\"aux-media-image\" >\n        \n            \n\n            \n            <img fetchpriority=\"high\" decoding=\"async\" width=\"853\" height=\"1280\" src=\"https:\/\/bletsi.com\/wp-content\/uploads\/2025\/08\/ChatGPT-Image-29-ago-2025-11_05_57-Photoroom.png\" class=\"aux-attachment aux-featured-image aux-attachment-id-638\" alt=\"ChatGPT Image 29 ago 2025, 11_05_57-Photoroom\" data-ratio=\"0.67\" data-original-w=\"853\" \/>            \n                <\/div>\n    <\/div>\n\n<\/section><!-- widget-container -->\t\t\t\t<\/div>\n\t\t\t\t<\/div>\n\t\t\t\t<\/div>\n\t\t<div class=\"elementor-element elementor-element-3dc8829a e-con-full e-flex e-con e-child\" data-id=\"3dc8829a\" data-element_type=\"container\">\n\t\t\t\t<div class=\"aux-scroll-anim elementor-element elementor-element-76377453 aux-appear-watch-animation aux-fade-in-custom elementor-widget elementor-widget-aux_image\" data-move-in=\"\" data-move-out=\"moveVertical\" data-axis-x=\"200\" data-axis-y=\"40\" data-rotate=\"90\" data-scale=\"1\" data-vp-top=\"0.5\" data-vp-bot=\"0.5\" data-el-top=\"0.2\" data-scroll-animation-off=\"1024\" data-id=\"76377453\" data-element_type=\"widget\" data-widget_type=\"aux_image.default\">\n\t\t\t\t<div class=\"elementor-widget-container\">\n\t\t\t\t\t<section class=\"widget-container aux-widget-image aux-alignnone aux-parent-au452e3382\">\n    <div class=\"aux-media-hint-frame\">\n        <div class=\"aux-media-image\" >\n        \n            \n\n            \n            <img decoding=\"async\" width=\"709\" height=\"1060\" src=\"data:image\/gif;base64,R0lGODlhAQABAIAAAAAAAP\/\/\/yH5BAEAAAAALAAAAAABAAEAAAIBRAA7\" class=\"aux-attachment aux-featured-image aux-attachment-id-95 aux-preload aux-blank\" alt=\"demo-attachment-1311-Ellipse-6-1\" data-ratio=\"0.67\" data-original-w=\"709\" data-src=\"https:\/\/bletsi.com\/wp-content\/uploads\/2024\/02\/Ellipse-6-1.png\" \/>            \n                <\/div>\n    <\/div>\n\n<\/section><!-- widget-container -->\t\t\t\t<\/div>\n\t\t\t\t<\/div>\n\t\t\t\t<div class=\"aux-scroll-anim elementor-element elementor-element-1c9b0e78 aux-appear-watch-animation aux-fade-in-down-1 aux-shpe-type-circle elementor-widget elementor-widget-aux_simple_shape\" data-move-in=\"\" data-move-out=\"moveVertical\" data-axis-x=\"20\" data-axis-y=\"-30\" data-rotate=\"90\" data-scale=\"1\" data-vp-top=\"0.5\" data-vp-bot=\"0.5\" data-el-top=\"0.2\" data-scroll-animation-off=\"1024\" data-id=\"1c9b0e78\" data-element_type=\"widget\" data-widget_type=\"aux_simple_shape.default\">\n\t\t\t\t<div class=\"elementor-widget-container\">\n\t\t\t\t\t    <div class=\"aux-widget-container aux-simple-shape-container\">\n        <div class=\"aux-widget-container-inner\">\n            <div class=\"aux-the-shape\"><\/div>\n        <\/div>\n    <\/div>\n    \t\t\t\t<\/div>\n\t\t\t\t<\/div>\n\t\t\t\t<div class=\"elementor-element elementor-element-6a05988b aux-appear-watch-animation aux-fade-in-right elementor-widget elementor-widget-aux_modern_heading\" data-id=\"6a05988b\" data-element_type=\"widget\" data-widget_type=\"aux_modern_heading.default\">\n\t\t\t\t<div class=\"elementor-widget-container\">\n\t\t\t\t\t<section class=\"aux-widget-modern-heading\">\n            <div class=\"aux-widget-inner\"><h4 class=\"aux-modern-heading-primary\">Chatbots<\/h4><div class=\"aux-modern-heading-description\"><p data-start=\"154\" data-end=\"460\">En Bletsi Studio integramos <strong data-start=\"182\" data-end=\"207\">chatbots inteligentes<\/strong> en los principales canales digitales de tu negocio: redes sociales, p\u00e1gina web y tienda online. Estos asistentes virtuales permiten brindar atenci\u00f3n inmediata, automatizar respuestas frecuentes y acompa\u00f1ar a tus clientes en todo el proceso de compra.<\/p><p data-start=\"462\" data-end=\"710\">Un chatbot bien configurado mejora la experiencia del usuario, reduce tiempos de respuesta y aumenta las oportunidades de venta, ya que est\u00e1 disponible 24\/7 para resolver consultas, recomendar productos y guiar al cliente hacia la acci\u00f3n deseada.<\/p><p data-start=\"712\" data-end=\"886\">Nuestro enfoque combina tecnolog\u00eda y estrategia, para que tu negocio pueda ofrecer una comunicaci\u00f3n fluida, eficiente y alineada con la identidad de tu marca en cada canal.<\/p><\/div><\/div>\n        <\/section>\t\t\t\t<\/div>\n\t\t\t\t<\/div>\n\t\t\t\t<div class=\"elementor-element elementor-element-7cccde95 aux-appear-watch-animation aux-fade-in-right elementor-widget elementor-widget-aux_icon_list\" data-id=\"7cccde95\" data-element_type=\"widget\" data-widget_type=\"aux_icon_list.default\">\n\t\t\t\t<div class=\"elementor-widget-container\">\n\t\t\t\t\t<section class=\"widget-container aux-widget-icon-list aux-parent-au391c9574\"><div class=\"widget-inner\"><div class=\"aux-widget-icon-list-inner\"><ul class=\"aux-icon-list-items aux-direction-horizontal\"><li class=\"aux-icon-list-item aux-list-item-has-icon aux-icon-list-item-500d72f elementor-repeater-item-500d72f\"><a class=\"aux-icon-list-link\" href=\"#\"><i aria-hidden=\"true\" class=\"aux-icon-list-icon auxicon auxicon-twitter\"><\/i><\/a><\/li><li class=\"aux-icon-list-item aux-list-item-has-icon aux-icon-list-item-4b21e3a elementor-repeater-item-4b21e3a\"><a class=\"aux-icon-list-link\" href=\"#\"><i aria-hidden=\"true\" class=\"aux-icon-list-icon fab fa-linkedin-in\"><\/i><\/a><\/li><li class=\"aux-icon-list-item aux-list-item-has-icon aux-icon-list-item-601a38f elementor-repeater-item-601a38f\"><a class=\"aux-icon-list-link\" href=\"#\"><i aria-hidden=\"true\" class=\"aux-icon-list-icon fab fa-behance\"><\/i><\/a><\/li><\/ul><\/div><\/div><\/section><!-- widget-container -->\t\t\t\t<\/div>\n\t\t\t\t<\/div>\n\t\t\t\t<\/div>\n\t\t\t\t\t<\/div>\n\t\t\t\t<\/div>\n\t\t<div class=\"aux-parallax-section elementor-element elementor-element-39afa76 elementor-hidden-desktop elementor-hidden-tablet e-flex e-con-boxed e-con e-parent\" data-id=\"39afa76\" data-element_type=\"container\">\n\t\t\t\t\t<div class=\"e-con-inner\">\n\t\t<div class=\"elementor-element elementor-element-2dded1c e-con-full e-flex e-con e-child\" data-id=\"2dded1c\" data-element_type=\"container\">\n\t\t\t\t<div class=\"aux-scroll-anim elementor-element elementor-element-bc93f89 aux-appear-watch-animation aux-fade-in-custom elementor-widget elementor-widget-aux_image\" data-move-in=\"\" data-move-out=\"moveVertical\" data-axis-x=\"200\" data-axis-y=\"40\" data-rotate=\"90\" data-scale=\"1\" data-vp-top=\"0.5\" data-vp-bot=\"0.5\" data-el-top=\"0.2\" data-scroll-animation-off=\"1024\" data-id=\"bc93f89\" data-element_type=\"widget\" data-widget_type=\"aux_image.default\">\n\t\t\t\t<div class=\"elementor-widget-container\">\n\t\t\t\t\t<section class=\"widget-container aux-widget-image aux-alignnone aux-parent-au106da09a\">\n    <div class=\"aux-media-hint-frame\">\n        <div class=\"aux-media-image\" >\n        \n            \n\n            \n            <img decoding=\"async\" width=\"709\" height=\"1060\" src=\"data:image\/gif;base64,R0lGODlhAQABAIAAAAAAAP\/\/\/yH5BAEAAAAALAAAAAABAAEAAAIBRAA7\" class=\"aux-attachment aux-featured-image aux-attachment-id-95 aux-preload aux-blank\" alt=\"demo-attachment-1311-Ellipse-6-1\" data-ratio=\"0.67\" data-original-w=\"709\" data-src=\"https:\/\/bletsi.com\/wp-content\/uploads\/2024\/02\/Ellipse-6-1.png\" \/>            \n                <\/div>\n    <\/div>\n\n<\/section><!-- widget-container -->\t\t\t\t<\/div>\n\t\t\t\t<\/div>\n\t\t\t\t<div class=\"aux-scroll-anim elementor-element elementor-element-6256b5e aux-appear-watch-animation aux-fade-in-down-1 aux-shpe-type-circle elementor-widget elementor-widget-aux_simple_shape\" data-move-in=\"\" data-move-out=\"moveVertical\" data-axis-x=\"20\" data-axis-y=\"-30\" data-rotate=\"90\" data-scale=\"1\" data-vp-top=\"0.5\" data-vp-bot=\"0.5\" data-el-top=\"0.2\" data-scroll-animation-off=\"1024\" data-id=\"6256b5e\" data-element_type=\"widget\" data-widget_type=\"aux_simple_shape.default\">\n\t\t\t\t<div class=\"elementor-widget-container\">\n\t\t\t\t\t    <div class=\"aux-widget-container aux-simple-shape-container\">\n        <div class=\"aux-widget-container-inner\">\n            <div class=\"aux-the-shape\"><\/div>\n        <\/div>\n    <\/div>\n    \t\t\t\t<\/div>\n\t\t\t\t<\/div>\n\t\t\t\t<div class=\"elementor-element elementor-element-d4429e1 aux-appear-watch-animation aux-fade-in-right elementor-widget elementor-widget-aux_modern_heading\" data-id=\"d4429e1\" data-element_type=\"widget\" data-widget_type=\"aux_modern_heading.default\">\n\t\t\t\t<div class=\"elementor-widget-container\">\n\t\t\t\t\t<section class=\"aux-widget-modern-heading\">\n            <div class=\"aux-widget-inner\"><h4 class=\"aux-modern-heading-primary\">Chatbots<\/h4><div class=\"aux-modern-heading-description\"><p data-start=\"154\" data-end=\"460\">En Bletsi Studio integramos <strong data-start=\"182\" data-end=\"207\">chatbots inteligentes<\/strong> en los principales canales digitales de tu negocio: redes sociales, p\u00e1gina web y tienda online. Estos asistentes virtuales permiten brindar atenci\u00f3n inmediata, automatizar respuestas frecuentes y acompa\u00f1ar a tus clientes en todo el proceso de compra.<\/p><p data-start=\"462\" data-end=\"710\">Un chatbot bien configurado mejora la experiencia del usuario, reduce tiempos de respuesta y aumenta las oportunidades de venta, ya que est\u00e1 disponible 24\/7 para resolver consultas, recomendar productos y guiar al cliente hacia la acci\u00f3n deseada.<\/p><p data-start=\"712\" data-end=\"886\">Nuestro enfoque combina tecnolog\u00eda y estrategia, para que tu negocio pueda ofrecer una comunicaci\u00f3n fluida, eficiente y alineada con la identidad de tu marca en cada canal.<\/p><\/div><\/div>\n        <\/section>\t\t\t\t<\/div>\n\t\t\t\t<\/div>\n\t\t\t\t<div class=\"elementor-element elementor-element-a361782 aux-appear-watch-animation aux-fade-in-right elementor-widget elementor-widget-aux_icon_list\" data-id=\"a361782\" data-element_type=\"widget\" data-widget_type=\"aux_icon_list.default\">\n\t\t\t\t<div class=\"elementor-widget-container\">\n\t\t\t\t\t<section class=\"widget-container aux-widget-icon-list aux-parent-au18999020\"><div class=\"widget-inner\"><div class=\"aux-widget-icon-list-inner\"><ul class=\"aux-icon-list-items aux-direction-horizontal\"><li class=\"aux-icon-list-item aux-list-item-has-icon aux-icon-list-item-500d72f elementor-repeater-item-500d72f\"><a class=\"aux-icon-list-link\" href=\"#\"><i aria-hidden=\"true\" class=\"aux-icon-list-icon auxicon auxicon-twitter\"><\/i><\/a><\/li><li class=\"aux-icon-list-item aux-list-item-has-icon aux-icon-list-item-4b21e3a elementor-repeater-item-4b21e3a\"><a class=\"aux-icon-list-link\" href=\"#\"><i aria-hidden=\"true\" class=\"aux-icon-list-icon fab fa-linkedin-in\"><\/i><\/a><\/li><li class=\"aux-icon-list-item aux-list-item-has-icon aux-icon-list-item-601a38f elementor-repeater-item-601a38f\"><a class=\"aux-icon-list-link\" href=\"#\"><i aria-hidden=\"true\" class=\"aux-icon-list-icon fab fa-behance\"><\/i><\/a><\/li><\/ul><\/div><\/div><\/section><!-- widget-container -->\t\t\t\t<\/div>\n\t\t\t\t<\/div>\n\t\t\t\t<\/div>\n\t\t<div class=\"elementor-element elementor-element-8a08cb4 e-con-full e-flex e-con e-child\" data-id=\"8a08cb4\" data-element_type=\"container\">\n\t\t\t\t<div class=\"aux-scroll-anim elementor-element elementor-element-114c394 aux-appear-watch-animation aux-scale-up-1 aux-shpe-type-circle elementor-widget elementor-widget-aux_simple_shape\" data-move-in=\"\" data-move-out=\"moveHorizontal\" data-axis-x=\"15\" data-axis-y=\"200\" data-rotate=\"90\" data-scale=\"1\" data-vp-top=\"0.5\" data-vp-bot=\"0.5\" data-el-top=\"0.2\" data-scroll-animation-off=\"1024\" data-id=\"114c394\" data-element_type=\"widget\" data-widget_type=\"aux_simple_shape.default\">\n\t\t\t\t<div class=\"elementor-widget-container\">\n\t\t\t\t\t    <div class=\"aux-widget-container aux-simple-shape-container\">\n        <div class=\"aux-widget-container-inner\">\n            <div class=\"aux-the-shape\"><\/div>\n        <\/div>\n    <\/div>\n    \t\t\t\t<\/div>\n\t\t\t\t<\/div>\n\t\t\t\t<div class=\"aux-scroll-anim elementor-element elementor-element-dff2ae8 aux-appear-watch-animation aux-fade-in-left elementor-widget elementor-widget-aux_image\" data-move-in=\"\" data-move-out=\"moveHorizontal\" data-axis-x=\"-15\" data-axis-y=\"200\" data-rotate=\"90\" data-scale=\"1\" data-vp-top=\"0.5\" data-vp-bot=\"0.5\" data-el-top=\"0.2\" data-scroll-animation-off=\"1024\" data-id=\"dff2ae8\" data-element_type=\"widget\" data-widget_type=\"aux_image.default\">\n\t\t\t\t<div class=\"elementor-widget-container\">\n\t\t\t\t\t<section class=\"widget-container aux-widget-image aux-alignnone aux-parent-auf2169c7b\">\n    <div class=\"aux-media-hint-frame\">\n        <div class=\"aux-media-image\" >\n        \n            \n\n            \n            <img fetchpriority=\"high\" decoding=\"async\" width=\"853\" height=\"1280\" src=\"https:\/\/bletsi.com\/wp-content\/uploads\/2025\/08\/ChatGPT-Image-29-ago-2025-11_05_57-Photoroom.png\" class=\"aux-attachment aux-featured-image aux-attachment-id-638\" alt=\"ChatGPT Image 29 ago 2025, 11_05_57-Photoroom\" data-ratio=\"0.67\" data-original-w=\"853\" \/>            \n                <\/div>\n    <\/div>\n\n<\/section><!-- widget-container -->\t\t\t\t<\/div>\n\t\t\t\t<\/div>\n\t\t\t\t<\/div>\n\t\t\t\t\t<\/div>\n\t\t\t\t<\/div>\n\t\t<div class=\"aux-parallax-section elementor-element elementor-element-7d25a91 elementor-hidden-desktop elementor-hidden-tablet elementor-hidden-mobile e-flex e-con-boxed e-con e-parent\" data-id=\"7d25a91\" data-element_type=\"container\">\n\t\t\t\t\t<div class=\"e-con-inner\">\n\t\t\t\t<div class=\"aux-scroll-anim elementor-element elementor-element-671cd158 aux-appear-watch-animation aux-fade-in-left-2 elementor-widget elementor-widget-aux_image\" data-move-in=\"\" data-move-out=\"moveHorizontal\" data-axis-x=\"40\" data-axis-y=\"200\" data-rotate=\"90\" data-scale=\"1\" data-vp-top=\"0.5\" data-vp-bot=\"0.5\" data-el-top=\"0.2\" data-scroll-animation-off=\"1024\" data-id=\"671cd158\" data-element_type=\"widget\" data-widget_type=\"aux_image.default\">\n\t\t\t\t<div class=\"elementor-widget-container\">\n\t\t\t\t\t<section class=\"widget-container aux-widget-image aux-alignnone aux-parent-aua05dfb90\">\n    <div class=\"aux-media-hint-frame\">\n        <div class=\"aux-media-image\" >\n        \n            \n\n            \n            <img decoding=\"async\" width=\"1482\" height=\"1878\" src=\"https:\/\/bletsi.com\/wp-content\/uploads\/2024\/02\/Ellipse-3-6.png\" class=\"aux-attachment aux-featured-image aux-attachment-id-94\" alt=\"demo-attachment-1342-Ellipse-3-6\" data-ratio=\"0.79\" data-original-w=\"1482\" \/>            \n                <\/div>\n    <\/div>\n\n<\/section><!-- widget-container -->\t\t\t\t<\/div>\n\t\t\t\t<\/div>\n\t\t\t\t<div class=\"aux-scroll-anim elementor-element elementor-element-2c2d5b8a aux-appear-watch-animation aux-scale-up-2 elementor-widget elementor-widget-aux_image\" data-move-in=\"\" data-move-out=\"moveVertical\" data-axis-x=\"200\" data-axis-y=\"-40\" data-rotate=\"90\" data-scale=\"1\" data-vp-top=\"0.5\" data-vp-bot=\"0.5\" data-el-top=\"0.2\" data-scroll-animation-off=\"1024\" data-id=\"2c2d5b8a\" data-element_type=\"widget\" data-widget_type=\"aux_image.default\">\n\t\t\t\t<div class=\"elementor-widget-container\">\n\t\t\t\t\t<section class=\"widget-container aux-widget-image aux-alignnone aux-parent-auca7b10f7\">\n    <div class=\"aux-media-hint-frame\">\n        <div class=\"aux-media-image\" >\n        \n            \n\n            \n            <img loading=\"lazy\" decoding=\"async\" width=\"300\" height=\"300\" src=\"data:image\/gif;base64,R0lGODlhAQABAIAAAAAAAP\/\/\/yH5BAEAAAAALAAAAAABAAEAAAIBRAA7\" class=\"aux-attachment aux-featured-image aux-attachment-id-91 aux-preload aux-blank\" alt=\"demo-attachment-1469-Ellipse-1-3-300x300-1\" data-ratio=\"1\" data-original-w=\"300\" data-src=\"https:\/\/bletsi.com\/wp-content\/uploads\/2024\/02\/Ellipse-1-3-300x300-1.png\" \/>            \n                <\/div>\n    <\/div>\n\n<\/section><!-- widget-container -->\t\t\t\t<\/div>\n\t\t\t\t<\/div>\n\t\t<div class=\"elementor-element elementor-element-6fc852fb e-con-full e-flex e-con e-child\" data-id=\"6fc852fb\" data-element_type=\"container\">\n\t\t\t\t<div class=\"elementor-element elementor-element-96ca926 aux-appear-watch-animation aux-fade-in-up elementor-widget elementor-widget-aux_modern_heading\" data-id=\"96ca926\" data-element_type=\"widget\" data-widget_type=\"aux_modern_heading.default\">\n\t\t\t\t<div class=\"elementor-widget-container\">\n\t\t\t\t\t<section class=\"aux-widget-modern-heading\">\n            <div class=\"aux-widget-inner\"><h4 class=\"aux-modern-heading-primary\">Proven Excellence in Numbers<\/h4><div class=\"aux-modern-heading-description\"><p>Explore the impact we've made with over 2,000 successfully completed projects and satisfied clientele of 3,000 businesses.<\/p><\/div><\/div>\n        <\/section>\t\t\t\t<\/div>\n\t\t\t\t<\/div>\n\t\t\t\t<\/div>\n\t\t<div class=\"elementor-element elementor-element-49e31419 e-con-full e-flex e-con e-child\" data-id=\"49e31419\" data-element_type=\"container\">\n\t\t<div class=\"elementor-element elementor-element-596ad15b e-flex e-con-boxed e-con e-child\" data-id=\"596ad15b\" data-element_type=\"container\">\n\t\t\t\t\t<div class=\"e-con-inner\">\n\t\t\t\t<div class=\"elementor-element elementor-element-3b2ed5c7 elementor-widget__width-initial aux-appear-watch-animation aux-fade-in-right-1 elementor-widget elementor-widget-counter\" data-id=\"3b2ed5c7\" data-element_type=\"widget\" data-widget_type=\"counter.default\">\n\t\t\t\t<div class=\"elementor-widget-container\">\n\t\t\t\t\t\t\t<div class=\"elementor-counter\">\n\t\t\t<div class=\"elementor-counter-title\">Client Retention Rate<\/div>\t\t\t<div class=\"elementor-counter-number-wrapper\">\n\t\t\t\t<span class=\"elementor-counter-number-prefix\"><\/span>\n\t\t\t\t<span class=\"elementor-counter-number\" data-duration=\"2000\" data-to-value=\"100\" data-from-value=\"0\" data-delimiter=\",\">0<\/span>\n\t\t\t\t<span class=\"elementor-counter-number-suffix\">%<\/span>\n\t\t\t<\/div>\n\t\t<\/div>\n\t\t\t\t\t\t<\/div>\n\t\t\t\t<\/div>\n\t\t\t\t<div class=\"elementor-element elementor-element-172f5bfa elementor-widget__width-initial aux-appear-watch-animation aux-fade-in-right-1 elementor-widget elementor-widget-counter\" data-id=\"172f5bfa\" data-element_type=\"widget\" data-widget_type=\"counter.default\">\n\t\t\t\t<div class=\"elementor-widget-container\">\n\t\t\t\t\t\t\t<div class=\"elementor-counter\">\n\t\t\t<div class=\"elementor-counter-title\">Strategic Partnerships<\/div>\t\t\t<div class=\"elementor-counter-number-wrapper\">\n\t\t\t\t<span class=\"elementor-counter-number-prefix\"><\/span>\n\t\t\t\t<span class=\"elementor-counter-number\" data-duration=\"2000\" data-to-value=\"30\" data-from-value=\"0\" data-delimiter=\",\">0<\/span>\n\t\t\t\t<span class=\"elementor-counter-number-suffix\">+<\/span>\n\t\t\t<\/div>\n\t\t<\/div>\n\t\t\t\t\t\t<\/div>\n\t\t\t\t<\/div>\n\t\t\t\t<div class=\"elementor-element elementor-element-310ca179 elementor-widget__width-initial aux-appear-watch-animation aux-fade-in-right-1 elementor-widget elementor-widget-counter\" data-id=\"310ca179\" data-element_type=\"widget\" data-widget_type=\"counter.default\">\n\t\t\t\t<div class=\"elementor-widget-container\">\n\t\t\t\t\t\t\t<div class=\"elementor-counter\">\n\t\t\t<div class=\"elementor-counter-title\">Donate Projects<\/div>\t\t\t<div class=\"elementor-counter-number-wrapper\">\n\t\t\t\t<span class=\"elementor-counter-number-prefix\"><\/span>\n\t\t\t\t<span class=\"elementor-counter-number\" data-duration=\"2000\" data-to-value=\"5\" data-from-value=\"0\" data-delimiter=\",\">0<\/span>\n\t\t\t\t<span class=\"elementor-counter-number-suffix\">k+<\/span>\n\t\t\t<\/div>\n\t\t<\/div>\n\t\t\t\t\t\t<\/div>\n\t\t\t\t<\/div>\n\t\t\t\t\t<\/div>\n\t\t\t\t<\/div>\n\t\t<div class=\"elementor-element elementor-element-53a6b945 e-flex e-con-boxed e-con e-child\" data-id=\"53a6b945\" data-element_type=\"container\">\n\t\t\t\t\t<div class=\"e-con-inner\">\n\t\t\t\t<div class=\"elementor-element elementor-element-176e632b elementor-widget__width-initial aux-appear-watch-animation aux-fade-in-left-1 elementor-widget elementor-widget-counter\" data-id=\"176e632b\" data-element_type=\"widget\" data-widget_type=\"counter.default\">\n\t\t\t\t<div class=\"elementor-widget-container\">\n\t\t\t\t\t\t\t<div class=\"elementor-counter\">\n\t\t\t<div class=\"elementor-counter-title\">Industry Awards<\/div>\t\t\t<div class=\"elementor-counter-number-wrapper\">\n\t\t\t\t<span class=\"elementor-counter-number-prefix\"><\/span>\n\t\t\t\t<span class=\"elementor-counter-number\" data-duration=\"2000\" data-to-value=\"10\" data-from-value=\"0\" data-delimiter=\",\">0<\/span>\n\t\t\t\t<span class=\"elementor-counter-number-suffix\">+<\/span>\n\t\t\t<\/div>\n\t\t<\/div>\n\t\t\t\t\t\t<\/div>\n\t\t\t\t<\/div>\n\t\t\t\t<div class=\"elementor-element elementor-element-1d47ee33 elementor-widget__width-initial aux-appear-watch-animation aux-fade-in-left-1 elementor-widget elementor-widget-counter\" data-id=\"1d47ee33\" data-element_type=\"widget\" data-widget_type=\"counter.default\">\n\t\t\t\t<div class=\"elementor-widget-container\">\n\t\t\t\t\t\t\t<div class=\"elementor-counter\">\n\t\t\t<div class=\"elementor-counter-title\">Industries Served<\/div>\t\t\t<div class=\"elementor-counter-number-wrapper\">\n\t\t\t\t<span class=\"elementor-counter-number-prefix\"><\/span>\n\t\t\t\t<span class=\"elementor-counter-number\" data-duration=\"2000\" data-to-value=\"50\" data-from-value=\"0\" data-delimiter=\",\">0<\/span>\n\t\t\t\t<span class=\"elementor-counter-number-suffix\">+<\/span>\n\t\t\t<\/div>\n\t\t<\/div>\n\t\t\t\t\t\t<\/div>\n\t\t\t\t<\/div>\n\t\t\t\t<div class=\"elementor-element elementor-element-2a78956 elementor-widget__width-initial aux-appear-watch-animation aux-fade-in-left-1 elementor-widget elementor-widget-counter\" data-id=\"2a78956\" data-element_type=\"widget\" data-widget_type=\"counter.default\">\n\t\t\t\t<div class=\"elementor-widget-container\">\n\t\t\t\t\t\t\t<div class=\"elementor-counter\">\n\t\t\t<div class=\"elementor-counter-title\">Years of Digital Excellence<\/div>\t\t\t<div class=\"elementor-counter-number-wrapper\">\n\t\t\t\t<span class=\"elementor-counter-number-prefix\"><\/span>\n\t\t\t\t<span class=\"elementor-counter-number\" data-duration=\"2000\" data-to-value=\"10\" data-from-value=\"0\" data-delimiter=\",\">0<\/span>\n\t\t\t\t<span class=\"elementor-counter-number-suffix\">+<\/span>\n\t\t\t<\/div>\n\t\t<\/div>\n\t\t\t\t\t\t<\/div>\n\t\t\t\t<\/div>\n\t\t\t\t\t<\/div>\n\t\t\t\t<\/div>\n\t\t\t\t<\/div>\n\t\t\t\t\t<\/div>\n\t\t\t\t<\/div>\n\t\t\t\t<\/div>","protected":false},"excerpt":{"rendered":"<p>Chatbots En Bletsi Studio integramos chatbots inteligentes en los principales canales digitales de tu negocio: redes sociales, p\u00e1gina web y tienda online. Estos asistentes virtuales permiten brindar atenci\u00f3n inmediata, automatizar respuestas frecuentes y acompa\u00f1ar a tus clientes en todo el proceso de compra. Un chatbot bien configurado mejora la experiencia del usuario, reduce tiempos de [&hellip;]<\/p>","protected":false},"author":1,"featured_media":0,"parent":0,"menu_order":0,"comment_status":"closed","ping_status":"closed","template":"","meta":{"footnotes":""},"class_list":["post-620","page","type-page","status-publish","hentry"],"_links":{"self":[{"href":"https:\/\/bletsi.com\/en\/wp-json\/wp\/v2\/pages\/620","targetHints":{"allow":["GET"]}}],"collection":[{"href":"https:\/\/bletsi.com\/en\/wp-json\/wp\/v2\/pages"}],"about":[{"href":"https:\/\/bletsi.com\/en\/wp-json\/wp\/v2\/types\/page"}],"author":[{"embeddable":true,"href":"https:\/\/bletsi.com\/en\/wp-json\/wp\/v2\/users\/1"}],"replies":[{"embeddable":true,"href":"https:\/\/bletsi.com\/en\/wp-json\/wp\/v2\/comments?post=620"}],"version-history":[{"count":67,"href":"https:\/\/bletsi.com\/en\/wp-json\/wp\/v2\/pages\/620\/revisions"}],"predecessor-version":[{"id":752,"href":"https:\/\/bletsi.com\/en\/wp-json\/wp\/v2\/pages\/620\/revisions\/752"}],"wp:attachment":[{"href":"https:\/\/bletsi.com\/en\/wp-json\/wp\/v2\/media?parent=620"}],"curies":[{"name":"wp","href":"https:\/\/api.w.org\/{rel}","templated":true}]}}